{"id":9557,"date":"2025-05-17T13:53:24","date_gmt":"2025-05-17T13:53:24","guid":{"rendered":"https:\/\/invisible-character.org\/paraphrasing-tool\/"},"modified":"2026-04-14T15:56:59","modified_gmt":"2026-04-14T15:56:59","slug":"paraphrasing-tool","status":"publish","type":"page","link":"https:\/\/invisible-character.org\/de\/paraphrasing-tool\/","title":{"rendered":"Paraphrasing Tool"},"content":{"rendered":"\t\t<div data-elementor-type=\"wp-page\" data-elementor-id=\"9557\" class=\"elementor elementor-9557 elementor-8752\" data-elementor-post-type=\"page\">\n\t\t\t\t\t\t<section class=\"elementor-section elementor-top-section elementor-element elementor-element-49d171d4 elementor-section-boxed elementor-section-height-default elementor-section-height-default wpr-particle-no wpr-jarallax-no wpr-parallax-no wpr-sticky-section-no wpr-equal-height-no\" data-id=\"49d171d4\" data-element_type=\"section\" data-e-type=\"section\" data-settings=\"{&quot;background_background&quot;:&quot;classic&quot;}\">\n\t\t\t\t\t\t<div class=\"elementor-container elementor-column-gap-default\">\n\t\t\t\t\t<div class=\"elementor-column elementor-col-100 elementor-top-column elementor-element elementor-element-53cf9dcc\" data-id=\"53cf9dcc\" data-element_type=\"column\" data-e-type=\"column\" data-settings=\"{&quot;background_background&quot;:&quot;classic&quot;}\">\n\t\t\t<div class=\"elementor-widget-wrap elementor-element-populated\">\n\t\t\t\t\t\t<div class=\"elementor-element elementor-element-1c7e3210 elementor-widget elementor-widget-heading\" data-id=\"1c7e3210\" data-element_type=\"widget\" data-e-type=\"widget\" data-widget_type=\"heading.default\">\n\t\t\t\t\t<h1 class=\"elementor-heading-title elementor-size-default\"> Text umschreiben<\/h1>\t\t\t\t<\/div>\n\t\t\t\t<div class=\"elementor-element elementor-element-4f02e4cc elementor-widget elementor-widget-text-editor\" data-id=\"4f02e4cc\" data-element_type=\"widget\" data-e-type=\"widget\" data-widget_type=\"text-editor.default\">\n\t\t\t\t\t\t\t\t\t<p><span style=\"font-weight: 400;\">Worte sprechen, und unser KI-gest\u00fctztes Paraphrase-Werkzeug hilft Ihnen, jeden Satz zu texte umschreiben formulieren.Aufs\u00e4tze und Artikel in perfekte Worte. Die erweiterten Modi verbessern Ihren Wortschatz, Ihren Ton und Ihren Schreibstil. Formulieren Sie Ihre Texte grenzenlos um \u2013 mit unserem Werkzeug Text umschreiben.<\/span><\/p>\n\t\t\t\t\t\t\t\t<\/div>\n\t\t\t\t\t<\/div>\n\t\t<\/div>\n\t\t\t\t\t<\/div>\n\t\t<\/section>\n\t\t\t\t<section class=\"elementor-section elementor-top-section elementor-element elementor-element-4ca1179f elementor-section-boxed elementor-section-height-default elementor-section-height-default wpr-particle-no wpr-jarallax-no wpr-parallax-no wpr-sticky-section-no wpr-equal-height-no\" data-id=\"4ca1179f\" data-element_type=\"section\" data-e-type=\"section\">\n\t\t\t\t\t\t<div class=\"elementor-container elementor-column-gap-default\">\n\t\t\t\t\t<div class=\"elementor-column elementor-col-100 elementor-top-column elementor-element elementor-element-15ac7100\" data-id=\"15ac7100\" data-element_type=\"column\" data-e-type=\"column\">\n\t\t\t<div class=\"elementor-widget-wrap elementor-element-populated\">\n\t\t\t\t\t\t<div class=\"elementor-element elementor-element-636db2b9 elementor-widget elementor-widget-shortcode\" data-id=\"636db2b9\" data-element_type=\"widget\" data-e-type=\"widget\" data-widget_type=\"shortcode.default\">\n\t\t\t\t\t\t\t<div class=\"elementor-shortcode\">    <div id=\"paraphrasierungs-tool\">\n        <div class=\"tool-container\">\n            <!-- Modus Abschnitt: Radiobuttons -->\n            <div class=\"modes-section\" id=\"modes-section\">\n                <div class=\"radio-container\">\n                    <input type=\"radio\" id=\"standard\" name=\"mode\" value=\"standard\" checked>\n                    <label for=\"standard\">Standardmodus<\/label>\n                    <input type=\"radio\" id=\"fluency\" name=\"mode\" value=\"fluency\">\n                    <label for=\"fluency\">Fl\u00fcssigkeitsmodus<\/label>\n                <\/div>\n            <\/div>\n\n            <!-- Eingabebereich -->\n            <div class=\"input-section\" id=\"input-section\">\n                <textarea id=\"input-text\" class=\"input-textarea\" placeholder=\"F\u00fcgen Sie hier Ihren Text ein...\" aria-label=\"Text eingeben\"><\/textarea>\n                <div class=\"input-buttons\">\n                    <button id=\"paste-text-btn\" class=\"button\">Text Einf\u00fcgen<\/button>\n                    <button id=\"paraphrase-btn\" class=\"button\">Paraphrasieren<\/button>\n                <\/div>\n            <\/div>\n\n            <!-- Ladebereich: Im Werkzeugbereich -->\n            <div id=\"loader-section\" class=\"loader-section\" style=\"display:none;\">\n                <div class=\"loader-container\">\n                    <div class=\"loader\"><\/div>\n                    <div id=\"loader-progress\">0%<\/div>\n                <\/div>\n            <\/div>\n\n            <!-- Ausgabebereich (nur paraphrasierter Text und Buttons) -->\n            <div class=\"output-section\" id=\"output-section\" style=\"display:none;\">\n                <h3>Paraphrasierter Text<\/h3>\n                <textarea id=\"result-text\" class=\"output-textarea\" readonly><\/textarea>\n                <div class=\"button-container\">\n                    <button id=\"copy-btn\" class=\"button\">Kopieren<\/button>\n                    <button id=\"try-again-btn\" class=\"button\">Neuen Inhalt Versuchen<\/button>\n                <\/div>\n            <\/div>\n        <\/div>\n    <\/div>\n    <\/div>\n\t\t\t\t\t\t<\/div>\n\t\t\t\t\t<\/div>\n\t\t<\/div>\n\t\t\t\t\t<\/div>\n\t\t<\/section>\n\t\t\t\t<section class=\"elementor-section elementor-top-section elementor-element elementor-element-f3736c9 elementor-section-boxed elementor-section-height-default elementor-section-height-default wpr-particle-no wpr-jarallax-no wpr-parallax-no wpr-sticky-section-no wpr-equal-height-no\" data-id=\"f3736c9\" data-element_type=\"section\" data-e-type=\"section\">\n\t\t\t\t\t\t<div class=\"elementor-container elementor-column-gap-default\">\n\t\t\t\t\t<div class=\"elementor-column elementor-col-100 elementor-top-column elementor-element elementor-element-de80147\" data-id=\"de80147\" data-element_type=\"column\" data-e-type=\"column\">\n\t\t\t<div class=\"elementor-widget-wrap elementor-element-populated\">\n\t\t\t\t\t\t<div class=\"elementor-element elementor-element-7b5ec11 elementor-widget elementor-widget-text-editor\" data-id=\"7b5ec11\" data-element_type=\"widget\" data-e-type=\"widget\" data-widget_type=\"text-editor.default\">\n\t\t\t\t\t\t\t\t\t<h2><b>Wie verwendet man ein Online-Paraphrasierung Werkzeug?<\/b><\/h2><p><b>Das Umformulieren Ihrer S\u00e4tze mit unserem Tool text umschreiben ist ganz einfach. Folgen Sie einfach den unten aufgef\u00fchrten Schritten:<\/b><\/p><p><b>Schritt 1:<\/b><span style=\"font-weight: 400;\"> Geben Sie Ihren Text ein oder f\u00fcgen Sie ihn in das Textfeld ein.<\/span><\/p><p><b>Schritt 2:<\/b><span style=\"font-weight: 400;\"> W\u00e4hlen Sie den gew\u00fcnschten Umformulierungsmodus.<\/span><\/p><p><b>Schritt 3<\/b><span style=\"font-weight: 400;\">: Klicken Sie auf die Schaltfl\u00e4che \u201eUmformulieren\u201c.<\/span><\/p><p><b>Schritt 4:<\/b><span style=\"font-weight: 400;\"> Kopieren Sie Ihren umformulierten Text und verwenden Sie ihn an beliebiger Stelle.<\/span><\/p><p><b>(Wenn Ihnen der Text nicht gef\u00e4llt, k\u00f6nnen Sie ihn einfach durch erneutes Klicken auf die Schaltfl\u00e4che text umformulieren umformulieren.)<\/b><\/p><h2><b>Features of our text rewriter tool:<\/b><\/h2><p><b>Unser Paraphrasierungstool verf\u00fcgt \u00fcber einige einzigartige Funktionen, die es einzigartig und benutzerfreundlich machen. Einige Funktionen werden im Folgenden beschrieben:<\/b><\/p><h3><b>100 % kostenlos<\/b><\/h3><p><span style=\"font-weight: 400;\">Text umformulieren\u2013 perfekt formuliert oder umformuliert \u2013 ganz ohne Kosten. Unser Online-Tool text umschreiben ist 100 % kostenlos. Jeder kann es kostenlos nutzen. Alle Modi sind kostenlos, und Sie k\u00f6nnen beliebig viele Texte umformulieren, ohne ein Abonnement abzuschlie\u00dfen.<\/span><\/p><h3><b>Einfache Benutzeroberfl\u00e4che<\/b><\/h3><p><span style=\"font-weight: 400;\">Unser Tool s\u00e4tze umformulieren hat eine sehr einfache, benutzerfreundliche Oberfl\u00e4che und ist f\u00fcr jeden ohne Vorkenntnisse geeignet. Geben Sie einfach Ihren Text ein und klicken Sie auf den Umformulierungs-Button, und Ihr Text wird umformuliert.<\/span><\/p><h3><b>Zeit sparen<\/b><\/h3><p><span style=\"font-weight: 400;\">Mit unserem schnellen Umformulierungstool k\u00f6nnen Sie Ihren Text dank der Sofortergebnisfunktionen in Sekundenschnelle umformulieren. Geben Sie einfach Ihren Text ein, w\u00e4hlen Sie den Modus, klicken Sie auf den Umformulierungs-Button, und Ihr Text erscheint sofort in einer neuen und einzigartigen Form.<\/span><\/p><h3><b>Pr\u00e4zise und zuverl\u00e4ssig<\/b><\/h3><p><span style=\"font-weight: 400;\">Unsere fortschrittlichen KI-basierten Algorithmen machen unser Tool s\u00e4tze umformulieren pr\u00e4ziser und zuverl\u00e4ssiger als andere Tools. Seine Umformulierungsfunktion ist pr\u00e4ziser als bei jedem anderen Tool.<\/span><\/p><h3><b>\u00a0Keine Anmeldung erforderlich<\/b><\/h3><p><span style=\"font-weight: 400;\">F\u00fcr die Nutzung unseres Tools text umschreiben ist keine Anmeldung oder Anmeldung erforderlich. Unser Essay-Umschreiber ben\u00f6tigt keine Anmeldung; andere Tools \u00f6ffnen ihn einfach und nutzen ihn, ohne weitere Informationen einzugeben.<\/span><\/p><h3><b>100 % sicher<\/b><\/h3><p><span style=\"font-weight: 400;\">Eines der einzigartigen Merkmale unseres besten Paraphrasierung Tools ist seine 100 % Sicherheit. F\u00fcr die Nutzung unseres Online-Umformulierung Tools sind keine pers\u00f6nlichen oder beruflichen Daten erforderlich und es wird kein Arbeitsverlauf aufgezeichnet.<\/span><\/p><h3><b>Werbefrei<\/b><\/h3><p><span style=\"font-weight: 400;\">Unser ext umschreiben-Tool ist komplett werbefrei, sodass Sie in einer \u00fcbersichtlichen und ablenkungsfreien Umgebung arbeiten k\u00f6nnen. Keine Pop-ups, Banner oder Unterbrechungen \u2013 einfach ein reibungsloses und konzentriertes Erlebnis von Anfang bis Ende.<\/span><\/p><h3><b>Mehrsprachig<\/b><\/h3><p><span style=\"font-weight: 400;\">Unser text umschreiben online-Tool ist vollst\u00e4ndig mehrsprachig, sodass Nutzer weltweit es in ihrer bevorzugten Sprache verwenden k\u00f6nnen. Mit der Unterst\u00fctzung von Multi-Lingual m\u00f6chten wir unser Tool zur Artikelumschreibung f\u00fcr alle zug\u00e4nglicher und benutzerfreundlicher machen, unabh\u00e4ngig von Herkunft und Sprache.<\/span><\/p><h2><b>Benutzer des Paraphrasierungstools<\/b><\/h2><p><b>There are many practical life users of our rephrase online tool. Some main users are listed below:<\/b><\/p><h3><b>Lehrkr\u00e4fte<\/b><\/h3><p>\u00a0<\/p><p><span style=\"font-weight: 400;\">Paraphrasierung Werkzeug helfen Lehrkr\u00e4ften, ihre Unterrichtsmaterialien zu verbessern und so das Lernen der Sch\u00fcler zu unterst\u00fctzen. Manche Lehrkr\u00e4fte nutzen unser Paraphrasierungstool, um ihre akademischen Arbeiten verst\u00e4ndlicher zu gestalten und so schwierige Konzepte verst\u00e4ndlicher zu machen. Andere nutzen es, um ihren Schreib- oder Erkl\u00e4rungsstil individueller zu gestalten.<\/span><\/p><h3><b>Studierende<\/b><\/h3><p><span style=\"font-weight: 400;\">Ein Paraphrasierung Werkzeughilft Studierenden, S\u00e4tze in eine einfache, leicht verst\u00e4ndliche Form umzuformulieren. Manche Studierende nutzen unser Paraphrasierung Tool, um neue Vokabeln zu lernen und ihre Schreibf\u00e4higkeiten zu verbessern.<\/span><\/p><h3><b>Texter<\/b><\/h3><p><span style=\"font-weight: 400;\">Texter geh\u00f6ren zu den beliebtesten Nutzern des kostenlosen Online-Tools text umschreiben. Viele Texter nutzen unser fortschrittliches, KI-basiertes Paraphrasierung Tool f\u00fcr ihre Texte. Manche nutzen es auch f\u00fcr Social-Media-Inhalte, um ihre Arbeit attraktiver und einzigartiger zu gestalten.<\/span><\/p><h3><b>Blogger<\/b><\/h3><p><span style=\"font-weight: 400;\">Blogger nutzen text umschreiben Werkzeugs, um die Erstellung von Inhalten zu beschleunigen, und manche, um alte Inhalte zu aktualisieren. Meistens werden sie verwendet, um Inhalte einfach und plagiatsfrei zu verfassen, wodurch sie einzigartig und f\u00fcr alle leicht verst\u00e4ndlich werden.<\/span><\/p><h2><b>FAQ\u2019S<\/b><\/h2><h3><b>Was ist Paraphrasieren?<\/b><\/h3><p><span style=\"font-weight: 400;\">Paraphrasieren bedeutet, etwas in eigenen Worten neu zu formulieren und dabei die urspr\u00fcngliche Bedeutung beizubehalten. Anstatt die Worte einer anderen Person eins zu eins zu kopieren, dr\u00fccken Sie dieselbe Idee anders aus. Paraphrasieren wird oft verwendet, um Informationen klarer, einfacher oder besser an den eigenen Schreibstil anzupassen.<\/span><\/p><h3><b>Wie verbessert der Paraphrasierer meine Schreibf\u00e4higkeiten?<\/b><\/h3><p><span style=\"font-weight: 400;\">Unser Paraphrasiert-Werkzeug kann Ihnen helfen, Ihr Schreiben zu verbessern. Mit einem Online-Paraphrasier-Tool k\u00f6nnen Sie Ihre Idee auf vielf\u00e4ltige Weise erkl\u00e4ren, Ihren Wortschatz erweitern und Ihre S\u00e4tze vereinfachen. Es kann Ihnen auch helfen, S\u00e4tze besser zu strukturieren, was Ihren Schreibstil insgesamt verbessert.<\/span><\/p><h3><b>Z\u00e4hlen Paraphrasier-Werkzeuge als Plagiat?<\/b><\/h3><p><span style=\"font-weight: 400;\">Nein, die Verwendung eines guten Paraphrasier-Tools stellt nicht automatisch ein Plagiat dar, sofern das Ergebnis korrekt zitiert wird und sich der paraphrasierte Text ausreichend von der Originalquelle unterscheidet. Die Verwendung eines solchen Tools zum Umschreiben fremder Ideen ohne Quellenangabe kann jedoch dennoch ein Plagiat darstellen.<\/span><\/p><h3><b>Ist die Verwendung eines Umformulierungs-Tools f\u00fcr meine akademische Arbeit legal?<\/b><\/h3><p><span style=\"font-weight: 400;\">Die Verwendung eines Umformulierungs-Tools f\u00fcr akademische Arbeiten ist nicht illegal. Sie k\u00f6nnen dieses Tool f\u00fcr viele Bildungszwecke nutzen, z. B. zur Verbesserung Ihres Schreibstils, zum Erlernen fortgeschrittenen Vokabulars usw. Diese Tools sollten Ihnen helfen, Ideen zu verstehen und in Ihren eigenen Worten umzuformulieren. Befolgen Sie stets die Richtlinien Ihrer Hochschule zur akademischen Integrit\u00e4t.<\/span><\/p><h3><b>Welches ist das effektivste Paraphrasierung Tool?<\/b><\/h3><p><span style=\"font-weight: 400;\">Es gibt viele Paraphrasierung-Tools, aber unsere erweiterten Modi und KI-basierten Algorithmen machen unser texte umschreiben-Tool effektiver als andere. Verwenden Sie immer ein Umschreibetool mit denselben fortschrittlichen Algorithmen wie unseres.<\/span><\/p>\t\t\t\t\t\t\t\t<\/div>\n\t\t\t\t\t<\/div>\n\t\t<\/div>\n\t\t\t\t\t<\/div>\n\t\t<\/section>\n\t\t\t\t<\/div>\n\t\t","protected":false},"excerpt":{"rendered":"<p>Text umschreiben Worte sprechen, und unser KI-gest\u00fctztes Paraphrase-Werkzeug hilft Ihnen, jeden Satz zu texte umschreiben formulieren.Aufs\u00e4tze und Artikel in perfekte Worte. Die erweiterten Modi verbessern Ihren Wortschatz, Ihren Ton und Ihren Schreibstil. Formulieren Sie Ihre Texte grenzenlos um \u2013 mit unserem Werkzeug Text umschreiben. Wie verwendet man ein Online-Paraphrasierung Werkzeug? Das Umformulieren Ihrer S\u00e4tze mit unserem Tool text umschreiben ist ganz einfach. Folgen Sie einfach den unten aufgef\u00fchrten Schritten: Schritt 1: Geben Sie Ihren Text ein oder f\u00fcgen Sie ihn in das Textfeld ein. Schritt 2: W\u00e4hlen Sie den gew\u00fcnschten Umformulierungsmodus. Schritt 3: Klicken Sie auf die Schaltfl\u00e4che \u201eUmformulieren\u201c. Schritt 4: Kopieren Sie Ihren umformulierten Text und verwenden Sie ihn an beliebiger Stelle. (Wenn Ihnen der Text nicht gef\u00e4llt, k\u00f6nnen Sie ihn einfach durch erneutes Klicken auf die Schaltfl\u00e4che text umformulieren umformulieren.) Features of our text rewriter tool: Unser Paraphrasierungstool verf\u00fcgt \u00fcber einige einzigartige Funktionen, die es einzigartig und benutzerfreundlich machen. Einige Funktionen werden im Folgenden beschrieben: 100 % kostenlos Text umformulieren\u2013 perfekt formuliert oder umformuliert \u2013 ganz ohne Kosten. Unser Online-Tool text umschreiben ist 100 % kostenlos. Jeder kann es kostenlos nutzen. Alle Modi sind kostenlos, und Sie k\u00f6nnen beliebig viele Texte umformulieren, ohne ein Abonnement abzuschlie\u00dfen. Einfache Benutzeroberfl\u00e4che Unser Tool s\u00e4tze umformulieren hat eine sehr einfache, benutzerfreundliche Oberfl\u00e4che und ist f\u00fcr jeden ohne Vorkenntnisse geeignet. Geben Sie einfach Ihren Text ein und klicken Sie auf den Umformulierungs-Button, und Ihr Text wird umformuliert. Zeit sparen Mit unserem schnellen Umformulierungstool k\u00f6nnen Sie Ihren Text dank der Sofortergebnisfunktionen in Sekundenschnelle umformulieren. Geben Sie einfach Ihren Text ein, w\u00e4hlen Sie den Modus, klicken Sie auf den Umformulierungs-Button, und Ihr Text erscheint sofort in einer neuen und einzigartigen Form. Pr\u00e4zise und zuverl\u00e4ssig Unsere fortschrittlichen KI-basierten Algorithmen machen unser Tool s\u00e4tze umformulieren pr\u00e4ziser und zuverl\u00e4ssiger als andere Tools. Seine Umformulierungsfunktion ist pr\u00e4ziser als bei jedem anderen Tool. \u00a0Keine Anmeldung erforderlich F\u00fcr die Nutzung unseres Tools text umschreiben ist keine Anmeldung oder Anmeldung erforderlich. Unser Essay-Umschreiber ben\u00f6tigt keine Anmeldung; andere Tools \u00f6ffnen ihn einfach und nutzen ihn, ohne weitere Informationen einzugeben. 100 % sicher Eines der einzigartigen Merkmale unseres besten Paraphrasierung Tools ist seine 100 % Sicherheit. F\u00fcr die Nutzung unseres Online-Umformulierung Tools sind keine pers\u00f6nlichen oder beruflichen Daten erforderlich und es wird kein Arbeitsverlauf aufgezeichnet. Werbefrei Unser ext umschreiben-Tool ist komplett werbefrei, sodass Sie in einer \u00fcbersichtlichen und ablenkungsfreien Umgebung arbeiten k\u00f6nnen. Keine Pop-ups, Banner oder Unterbrechungen \u2013 einfach ein reibungsloses und konzentriertes Erlebnis von Anfang bis Ende. Mehrsprachig Unser text umschreiben online-Tool ist vollst\u00e4ndig mehrsprachig, sodass Nutzer weltweit es in ihrer bevorzugten Sprache verwenden k\u00f6nnen. Mit der Unterst\u00fctzung von Multi-Lingual m\u00f6chten wir unser Tool zur Artikelumschreibung f\u00fcr alle zug\u00e4nglicher und benutzerfreundlicher machen, unabh\u00e4ngig von Herkunft und Sprache. Benutzer des Paraphrasierungstools There are many practical life users of our rephrase online tool. Some main users are listed below: Lehrkr\u00e4fte \u00a0 Paraphrasierung Werkzeug helfen Lehrkr\u00e4ften, ihre Unterrichtsmaterialien zu verbessern und so das Lernen der Sch\u00fcler zu unterst\u00fctzen. Manche Lehrkr\u00e4fte nutzen unser Paraphrasierungstool, um ihre akademischen Arbeiten verst\u00e4ndlicher zu gestalten und so schwierige Konzepte verst\u00e4ndlicher zu machen. Andere nutzen es, um ihren Schreib- oder Erkl\u00e4rungsstil individueller zu gestalten. Studierende Ein Paraphrasierung Werkzeughilft Studierenden, S\u00e4tze in eine einfache, leicht verst\u00e4ndliche Form umzuformulieren. Manche Studierende nutzen unser Paraphrasierung Tool, um neue Vokabeln zu lernen und ihre Schreibf\u00e4higkeiten zu verbessern. Texter Texter geh\u00f6ren zu den beliebtesten Nutzern des kostenlosen Online-Tools text umschreiben. Viele Texter nutzen unser fortschrittliches, KI-basiertes Paraphrasierung Tool f\u00fcr ihre Texte. Manche nutzen es auch f\u00fcr Social-Media-Inhalte, um ihre Arbeit attraktiver und einzigartiger zu gestalten. Blogger Blogger nutzen text umschreiben Werkzeugs, um die Erstellung von Inhalten zu beschleunigen, und manche, um alte Inhalte zu aktualisieren. Meistens werden sie verwendet, um Inhalte einfach und plagiatsfrei zu verfassen, wodurch sie einzigartig und f\u00fcr alle leicht verst\u00e4ndlich werden. FAQ\u2019S Was ist Paraphrasieren? Paraphrasieren bedeutet, etwas in eigenen Worten neu zu formulieren und dabei die urspr\u00fcngliche Bedeutung beizubehalten. Anstatt die Worte einer anderen Person eins zu eins zu kopieren, dr\u00fccken Sie dieselbe Idee anders aus. Paraphrasieren wird oft verwendet, um Informationen klarer, einfacher oder besser an den eigenen Schreibstil anzupassen. Wie verbessert der Paraphrasierer meine Schreibf\u00e4higkeiten? Unser Paraphrasiert-Werkzeug kann Ihnen helfen, Ihr Schreiben zu verbessern. Mit einem Online-Paraphrasier-Tool k\u00f6nnen Sie Ihre Idee auf vielf\u00e4ltige Weise erkl\u00e4ren, Ihren Wortschatz erweitern und Ihre S\u00e4tze vereinfachen. Es kann Ihnen auch helfen, S\u00e4tze besser zu strukturieren, was Ihren Schreibstil insgesamt verbessert. Z\u00e4hlen Paraphrasier-Werkzeuge als Plagiat? Nein, die Verwendung eines guten Paraphrasier-Tools stellt nicht automatisch ein Plagiat dar, sofern das Ergebnis korrekt zitiert wird und sich der paraphrasierte Text ausreichend von der Originalquelle unterscheidet. Die Verwendung eines solchen Tools zum Umschreiben fremder Ideen ohne Quellenangabe kann jedoch dennoch ein Plagiat darstellen. Ist die Verwendung eines Umformulierungs-Tools f\u00fcr meine akademische Arbeit legal? Die Verwendung eines Umformulierungs-Tools f\u00fcr akademische Arbeiten ist nicht illegal. Sie k\u00f6nnen dieses Tool f\u00fcr viele Bildungszwecke nutzen, z. B. zur Verbesserung Ihres Schreibstils, zum Erlernen fortgeschrittenen Vokabulars usw. Diese Tools sollten Ihnen helfen, Ideen zu verstehen und in Ihren eigenen Worten umzuformulieren. Befolgen Sie stets die Richtlinien Ihrer Hochschule zur akademischen Integrit\u00e4t. Welches ist das effektivste Paraphrasierung Tool? Es gibt viele Paraphrasierung-Tools, aber unsere erweiterten Modi und KI-basierten Algorithmen machen unser texte umschreiben-Tool effektiver als andere. Verwenden Sie immer ein Umschreibetool mit denselben fortschrittlichen Algorithmen wie unseres.<\/p>\n","protected":false},"author":2,"featured_media":0,"parent":0,"menu_order":0,"comment_status":"closed","ping_status":"closed","template":"","meta":{"site-sidebar-layout":"no-sidebar","site-content-layout":"","ast-site-content-layout":"full-width-container","site-content-style":"default","site-sidebar-style":"default","ast-global-header-display":"","ast-banner-title-visibility":"","ast-main-header-display":"","ast-hfb-above-header-display":"","ast-hfb-below-header-display":"","ast-hfb-mobile-header-display":"","site-post-title":"disabled","ast-breadcrumbs-content":"","ast-featured-img":"disabled","footer-sml-layout":"","ast-disable-related-posts":"","theme-transparent-header-meta":"default","adv-header-id-meta":"","stick-header-meta":"","header-above-stick-meta":"","header-main-stick-meta":"","header-below-stick-meta":"","astra-migrate-meta-layouts":"default","ast-page-background-enabled":"default","ast-page-background-meta":{"desktop":{"background-color":"var(--ast-global-color-4)","background-image":"","background-repeat":"repeat","background-position":"center center","background-size":"auto","background-attachment":"scroll","background-type":"","background-media":"","overlay-type":"","overlay-color":"","overlay-opacity":"","overlay-gradient":""},"tablet":{"background-color":"","background-image":"","background-repeat":"repeat","background-position":"center center","background-size":"auto","background-attachment":"scroll","background-type":"","background-media":"","overlay-type":"","overlay-color":"","overlay-opacity":"","overlay-gradient":""},"mobile":{"background-color":"","background-image":"","background-repeat":"repeat","background-position":"center center","background-size":"auto","background-attachment":"scroll","background-type":"","background-media":"","overlay-type":"","overlay-color":"","overlay-opacity":"","overlay-gradient":""}},"ast-content-background-meta":{"desktop":{"background-color":"var(--ast-global-color-5)","background-image":"","background-repeat":"repeat","background-position":"center center","background-size":"auto","background-attachment":"scroll","background-type":"","background-media":"","overlay-type":"","overlay-color":"","overlay-opacity":"","overlay-gradient":""},"tablet":{"background-color":"var(--ast-global-color-5)","background-image":"","background-repeat":"repeat","background-position":"center center","background-size":"auto","background-attachment":"scroll","background-type":"","background-media":"","overlay-type":"","overlay-color":"","overlay-opacity":"","overlay-gradient":""},"mobile":{"background-color":"var(--ast-global-color-5)","background-image":"","background-repeat":"repeat","background-position":"center center","background-size":"auto","background-attachment":"scroll","background-type":"","background-media":"","overlay-type":"","overlay-color":"","overlay-opacity":"","overlay-gradient":""}},"footnotes":""},"class_list":["post-9557","page","type-page","status-publish","hentry"],"_links":{"self":[{"href":"https:\/\/invisible-character.org\/de\/wp-json\/wp\/v2\/pages\/9557","targetHints":{"allow":["GET"]}}],"collection":[{"href":"https:\/\/invisible-character.org\/de\/wp-json\/wp\/v2\/pages"}],"about":[{"href":"https:\/\/invisible-character.org\/de\/wp-json\/wp\/v2\/types\/page"}],"author":[{"embeddable":true,"href":"https:\/\/invisible-character.org\/de\/wp-json\/wp\/v2\/users\/2"}],"replies":[{"embeddable":true,"href":"https:\/\/invisible-character.org\/de\/wp-json\/wp\/v2\/comments?post=9557"}],"version-history":[{"count":0,"href":"https:\/\/invisible-character.org\/de\/wp-json\/wp\/v2\/pages\/9557\/revisions"}],"wp:attachment":[{"href":"https:\/\/invisible-character.org\/de\/wp-json\/wp\/v2\/media?parent=9557"}],"curies":[{"name":"wp","href":"https:\/\/api.w.org\/{rel}","templated":true}]}}