{"id":9589,"date":"2025-05-17T13:53:24","date_gmt":"2025-05-17T13:53:24","guid":{"rendered":"https:\/\/invisible-character.org\/paraphrasing-tool\/"},"modified":"2026-04-14T15:56:35","modified_gmt":"2026-04-14T15:56:35","slug":"paraphrasing-tool","status":"publish","type":"page","link":"https:\/\/invisible-character.org\/fr\/paraphrasing-tool\/","title":{"rendered":"Paraphrasing Tool"},"content":{"rendered":"\t\t<div data-elementor-type=\"wp-page\" data-elementor-id=\"9589\" class=\"elementor elementor-9589 elementor-8752\" data-elementor-post-type=\"page\">\n\t\t\t\t\t\t<section class=\"elementor-section elementor-top-section elementor-element elementor-element-49d171d4 elementor-section-boxed elementor-section-height-default elementor-section-height-default wpr-particle-no wpr-jarallax-no wpr-parallax-no wpr-sticky-section-no wpr-equal-height-no\" data-id=\"49d171d4\" data-element_type=\"section\" data-e-type=\"section\" data-settings=\"{&quot;background_background&quot;:&quot;classic&quot;}\">\n\t\t\t\t\t\t<div class=\"elementor-container elementor-column-gap-default\">\n\t\t\t\t\t<div class=\"elementor-column elementor-col-100 elementor-top-column elementor-element elementor-element-53cf9dcc\" data-id=\"53cf9dcc\" data-element_type=\"column\" data-e-type=\"column\" data-settings=\"{&quot;background_background&quot;:&quot;classic&quot;}\">\n\t\t\t<div class=\"elementor-widget-wrap elementor-element-populated\">\n\t\t\t\t\t\t<div class=\"elementor-element elementor-element-1c7e3210 elementor-widget elementor-widget-heading\" data-id=\"1c7e3210\" data-element_type=\"widget\" data-e-type=\"widget\" data-widget_type=\"heading.default\">\n\t\t\t\t\t<h1 class=\"elementor-heading-title elementor-size-default\"> Reformuler un texte<\/h1>\t\t\t\t<\/div>\n\t\t\t\t<div class=\"elementor-element elementor-element-4f02e4cc elementor-widget elementor-widget-text-editor\" data-id=\"4f02e4cc\" data-element_type=\"widget\" data-e-type=\"widget\" data-widget_type=\"text-editor.default\">\n\t\t\t\t\t\t\t\t\t<p><span style=\"font-weight: 400;\">Words Speak, et notre outil de paraphrase optimis\u00e9 par l&rsquo;IA vous aide \u00e0 reformuler un texte Essais et articles avec des mots parfaits. Ses modes avanc\u00e9s am\u00e9lioreront votre vocabulaire, votre ton et votre style d&rsquo;\u00e9criture. Reformulez n&rsquo;importe quel texte sans limite gr\u00e2ce \u00e0 notre outil de paraphrase.<\/span><\/p>\n<h2><\/h2>\n\t\t\t\t\t\t\t\t<\/div>\n\t\t\t\t\t<\/div>\n\t\t<\/div>\n\t\t\t\t\t<\/div>\n\t\t<\/section>\n\t\t\t\t<section class=\"elementor-section elementor-top-section elementor-element elementor-element-4ca1179f elementor-section-boxed elementor-section-height-default elementor-section-height-default wpr-particle-no wpr-jarallax-no wpr-parallax-no wpr-sticky-section-no wpr-equal-height-no\" data-id=\"4ca1179f\" data-element_type=\"section\" data-e-type=\"section\">\n\t\t\t\t\t\t<div class=\"elementor-container elementor-column-gap-default\">\n\t\t\t\t\t<div class=\"elementor-column elementor-col-100 elementor-top-column elementor-element elementor-element-15ac7100\" data-id=\"15ac7100\" data-element_type=\"column\" data-e-type=\"column\">\n\t\t\t<div class=\"elementor-widget-wrap elementor-element-populated\">\n\t\t\t\t\t\t<div class=\"elementor-element elementor-element-636db2b9 elementor-widget elementor-widget-shortcode\" data-id=\"636db2b9\" data-element_type=\"widget\" data-e-type=\"widget\" data-widget_type=\"shortcode.default\">\n\t\t\t\t\t\t\t<div class=\"elementor-shortcode\">    <div id=\"paraphrasing-tool\">\n        <div class=\"tool-container\">\n            <!-- Section des modes : Boutons radio -->\n            <div class=\"modes-section\" id=\"modes-section\">\n                <div class=\"radio-container\">\n                    <input type=\"radio\" id=\"standard\" name=\"mode\" value=\"standard\" checked>\n                    <label for=\"standard\">Mode Standard<\/label>\n                    <input type=\"radio\" id=\"fluency\" name=\"mode\" value=\"fluency\">\n                    <label for=\"fluency\">Mode de fluidit\u00e9<\/label>\n                <\/div>\n            <\/div>\n\n            <!-- Section d'entr\u00e9e -->\n            <div class=\"input-section\" id=\"input-section\">\n                <textarea id=\"input-text\" class=\"input-textarea\" placeholder=\"Collez votre texte ici...\" aria-label=\"Entrez le texte\"><\/textarea>\n                <div class=\"input-buttons\">\n                    <button id=\"paste-text-btn\" class=\"button\">Coller le texte<\/button>\n                    <button id=\"paraphrase-btn\" class=\"button\">Paraphraser<\/button>\n                <\/div>\n            <\/div>\n\n            <!-- Section de chargement : Dans la zone de l'outil -->\n            <div id=\"loader-section\" class=\"loader-section\" style=\"display:none;\">\n                <div class=\"loader-container\">\n                    <div class=\"loader\"><\/div>\n                    <div id=\"loader-progress\">0%<\/div>\n                <\/div>\n            <\/div>\n\n            <!-- Section de sortie (texte paraphras\u00e9 et boutons seulement) -->\n            <div class=\"output-section\" id=\"output-section\" style=\"display:none;\">\n                <h3>Texte paraphras\u00e9<\/h3>\n                <textarea id=\"result-text\" class=\"output-textarea\" readonly><\/textarea>\n                <div class=\"button-container\">\n                    <button id=\"copy-btn\" class=\"button\">Copier<\/button>\n                    <button id=\"try-again-btn\" class=\"button\">Essayer un nouveau contenu<\/button>\n                <\/div>\n            <\/div>\n        <\/div>\n    <\/div>\n    <\/div>\n\t\t\t\t\t\t<\/div>\n\t\t\t\t\t<\/div>\n\t\t<\/div>\n\t\t\t\t\t<\/div>\n\t\t<\/section>\n\t\t\t\t<section class=\"elementor-section elementor-top-section elementor-element elementor-element-f3736c9 elementor-section-boxed elementor-section-height-default elementor-section-height-default wpr-particle-no wpr-jarallax-no wpr-parallax-no wpr-sticky-section-no wpr-equal-height-no\" data-id=\"f3736c9\" data-element_type=\"section\" data-e-type=\"section\">\n\t\t\t\t\t\t<div class=\"elementor-container elementor-column-gap-default\">\n\t\t\t\t\t<div class=\"elementor-column elementor-col-100 elementor-top-column elementor-element elementor-element-de80147\" data-id=\"de80147\" data-element_type=\"column\" data-e-type=\"column\">\n\t\t\t<div class=\"elementor-widget-wrap elementor-element-populated\">\n\t\t\t\t\t\t<div class=\"elementor-element elementor-element-7b5ec11 elementor-widget elementor-widget-text-editor\" data-id=\"7b5ec11\" data-element_type=\"widget\" data-e-type=\"widget\" data-widget_type=\"text-editor.default\">\n\t\t\t\t\t\t\t\t\t<h2><b>Comment utiliser un modificateur de texte ?<\/b><\/h2><p><b>reformuler un texte avec notre outil est tr\u00e8s simple. Suivez les \u00e9tapes ci-dessous :<\/b><\/p><p><b>\u00c9tape 1 : Saisissez ou collez votre texte dans la zone de texte.<\/b><\/p><p><b>\u00c9tape 2 : S\u00e9lectionnez le mode reformulation de texte qui vous convient.<\/b><\/p><p><b>\u00c9tape 3 : Cliquez sur le bouton Paraphraser.<\/b><\/p><p><b>\u00c9tape 4 : Copiez votre texte de paraphrase et utilisez-le o\u00f9 vous le souhaitez.<\/b><\/p><p><b>(Si le texte ne vous convient pas, vous pouvez le reformuler en cliquant \u00e0 nouveau sur le bouton Paraphraser.)<\/b><\/p><h2><b>Fonctionnalit\u00e9s de notre outil de paraphrase gratuit<\/b><\/h2><p><b>Notre outil de paraphrase poss\u00e8de des fonctionnalit\u00e9s uniques qui le rendent unique et convivial. Certaines fonctionnalit\u00e9s sont d\u00e9crites ci-dessous :<\/b><\/p><h3><b>100 % gratuit<\/b><\/h3><p><span style=\"font-weight: 400;\">Reformuler un texte avec des mots ou un vocabulaire parfait, sans aucun frais. Notre outil reformulateur de phrase est 100 % gratuit. Il est accessible \u00e0 tous. Tous les modes sont gratuits et vous pouvez reformuler un nombre illimit\u00e9 de textes sans abonnement.<\/span><\/p><h3><b>Interface utilisateur simple<\/b><\/h3><p><span style=\"font-weight: 400;\">Notre reformuler texte poss\u00e8de une interface tr\u00e8s simple et conviviale, accessible \u00e0 tous, sans aucune exp\u00e9rience. N&rsquo;importe qui peut utiliser notre outil reformulation de texte sans se soucier de ses comp\u00e9tences. Saisissez simplement votre texte, cliquez sur le bouton de paraphrase et il sera reformul\u00e9.<\/span><\/p><h3><b>Gagnez du temps<\/b><\/h3><p><span style=\"font-weight: 400;\">Gr\u00e2ce aux r\u00e9sultats instantan\u00e9s, reformulez votre texte en quelques secondes gr\u00e2ce \u00e0 notre outil reformuler un texte rapide et performant. Saisissez simplement votre texte, s\u00e9lectionnez le mode, cliquez sur le bouton de paraphrase et votre texte appara\u00eet instantan\u00e9ment sous une forme nouvelle et unique.<\/span><\/p><h3><b>Pr\u00e9cis et fiable<\/b><\/h3><p><span style=\"font-weight: 400;\">Nos algorithmes avanc\u00e9s bas\u00e9s sur l&rsquo;IA rendent notre outil reformulation de phrase plus pr\u00e9cis et fiable que les autres outils. Sa capacit\u00e9 de reformulation est plus pr\u00e9cise que celle de tout autre outil.<\/span><\/p><h3><b>Aucune inscription requise<\/b><\/h3><p><span style=\"font-weight: 400;\">L&rsquo;utilisation de nos outils de reformulation ne n\u00e9cessite aucune inscription ni connexion. Notre outil de reformulation d&rsquo;essais ne requiert aucune inscription ; les autres outils l&rsquo;ouvrent et l&rsquo;utilisent simplement sans ajouter d&rsquo;informations.<\/span><\/p><h3><b>100 % s\u00e9curis\u00e9<\/b><\/h3><p><span style=\"font-weight: 400;\">L&rsquo;une des caract\u00e9ristiques uniques de notre meilleur outil reformuler un texte est sa s\u00e9curit\u00e9 \u00e0 100 %. Notre outil de reformulation en ligne ne requiert aucune information personnelle ou professionnelle et n&rsquo;enregistre aucun historique de travail.<\/span><\/p><h3><b>Sans publicit\u00e9<\/b><\/h3><p><span style=\"font-weight: 400;\">Notre outil r\u00e9\u00e9criture de texte est enti\u00e8rement sans publicit\u00e9, vous permettant de travailler dans un environnement clair et sans distraction. Pop-ups, banni\u00e8res et interruptions : une exp\u00e9rience fluide et concentr\u00e9e du d\u00e9but \u00e0 la fin.<\/span><\/p><h3><b>Multilingue<\/b><\/h3><p><span style=\"font-weight: 400;\">Notre outil reformuler un texte en ligne est enti\u00e8rement multilingue, permettant aux utilisateurs du monde entier de l&rsquo;utiliser dans leur langue pr\u00e9f\u00e9r\u00e9e. Gr\u00e2ce au soutien de nos experts multilingues, nous souhaitons rendre notre outil de reformulation d&rsquo;articles plus accessible et facile \u00e0 utiliser pour tous, quelle que soit votre origine et votre langue.<\/span><\/p><h2><b>Utilisateurs de notre outil reformuler un texte<\/b><\/h2><p><b>Notre outil de reformulation en ligne est utilis\u00e9 par de nombreux utilisateurs dans la vie quotidienne. Voici quelques exemples :<\/b><\/p><h3><b>Enseignants<\/b><\/h3><p><span style=\"font-weight: 400;\">Les outils de reformulation de texte aident les enseignants \u00e0 am\u00e9liorer leur mat\u00e9riel p\u00e9dagogique et \u00e0 soutenir l&rsquo;apprentissage des \u00e9l\u00e8ves. Certains enseignants utilisent notre outil reformulateur de texte pour simplifier leurs travaux universitaires et comprendre des concepts complexes. D&rsquo;autres l&rsquo;utilisent pour personnaliser leur style d&rsquo;\u00e9criture ou d&rsquo;explication.<\/span><\/p><h3><b>\u00c9l\u00e8ves<\/b><\/h3><p><span style=\"font-weight: 400;\">L&rsquo;outil changeur de texte aide les \u00e9l\u00e8ves \u00e0 r\u00e9\u00e9crire les diff\u00e9rentes phrases en une phrase simple et facile \u00e0 apprendre. Certains \u00e9l\u00e8ves utilisent notre outil de paraphrase pour acqu\u00e9rir du vocabulaire et perfectionner leurs comp\u00e9tences r\u00e9dactionnelles.<\/span><\/p><h3><b>R\u00e9dacteurs<\/b><\/h3><p><span style=\"font-weight: 400;\">Les r\u00e9dacteurs sont parmi les utilisateurs les plus populaires de l&rsquo;outil reformuler un texte en ligne gratuit. De nombreux r\u00e9dacteurs utilisent notre outil avanc\u00e9 de paraphrase bas\u00e9 sur l&rsquo;IA pour la r\u00e9daction. Certains utilisent cet outil de r\u00e9\u00e9criture pour leurs contenus sur les r\u00e9seaux sociaux afin de rendre leur travail plus attrayant et unique.<\/span><\/p><h3><b>Blogueurs<\/b><\/h3><p><span style=\"font-weight: 400;\">Les blogueurs utilisent l&rsquo;outil modificateur de texte pour acc\u00e9l\u00e9rer la cr\u00e9ation de contenu, et d&rsquo;autres pour mettre \u00e0 jour leurs anciens contenus. Il permet principalement de r\u00e9diger du contenu de mani\u00e8re simple et sans plagiat, ce qui le rend unique et facile \u00e0 comprendre pour tous.<\/span><\/p><h2><b>FAQ<\/b><\/h2><h3><b>Qu&rsquo;est-ce que la paraphrase ?<\/b><\/h3><p><span style=\"font-weight: 400;\">Paraphraser consiste \u00e0 r\u00e9\u00e9crire quelque chose avec ses propres mots tout en conservant le sens original. Au lieu de copier exactement les mots d&rsquo;autrui, on exprime la m\u00eame id\u00e9e diff\u00e9remment. On l&rsquo;utilise souvent pour clarifier, simplifier ou adapter une information \u00e0 son style d&rsquo;\u00e9criture.<\/span><\/p><h3><b>Comment le paraphrase am\u00e9liore-t-il mes comp\u00e9tences r\u00e9dactionnelles ?<\/b><\/h3><p><span style=\"font-weight: 400;\">Notre outil de paraphrase peut vous aider \u00e0 am\u00e9liorer votre r\u00e9daction. Gr\u00e2ce \u00e0 un outil de paraphrase en ligne, vous pouvez expliquer une m\u00eame id\u00e9e de diff\u00e9rentes mani\u00e8res, enrichir votre vocabulaire et simplifier vos phrases. Il peut \u00e9galement vous aider \u00e0 mieux structurer vos phrases, renfor\u00e7ant ainsi votre style d&rsquo;\u00e9criture.<\/span><\/p><h3><b>Les outils de paraphrase sont-ils consid\u00e9r\u00e9s comme du plagiat ?<\/b><\/h3><p><span style=\"font-weight: 400;\">Non, l&rsquo;utilisation d&rsquo;un outil de r\u00e9f\u00e9rence reformuler un texte ne constitue pas en soi un plagiat si le r\u00e9sultat est correctement cit\u00e9 et si le texte paraphras\u00e9 est suffisamment distinct de la source originale. En revanche, l&rsquo;utilisation de cet outil pour r\u00e9\u00e9crire les id\u00e9es d&rsquo;autrui sans en citer la source peut tout de m\u00eame constituer un plagiat.<\/span><\/p><h3><b>Est-il l\u00e9gal d\u2019utiliser un outil de reformulation de texte pour mon travail acad\u00e9mique ?<\/b><\/h3><p><span style=\"font-weight: 400;\">Utiliser un outil de reformulation pour vos travaux universitaires n&rsquo;est pas ill\u00e9gal. Vous pouvez l&rsquo;utiliser \u00e0 de nombreuses fins p\u00e9dagogiques, comme am\u00e9liorer votre style d&rsquo;\u00e9criture, acqu\u00e9rir un vocabulaire avanc\u00e9, etc. Ces outils vous aident \u00e0 comprendre et \u00e0 reformuler des id\u00e9es avec vos propres mots. Respectez toujours les r\u00e8gles d&rsquo;int\u00e9grit\u00e9 acad\u00e9mique de votre \u00e9tablissement.<\/span><\/p><h3><b>Quel est l\u2019outil de paraphrase le plus efficace ?<\/b><\/h3><p><span style=\"font-weight: 400;\">Il existe de nombreux outils reformuler un texte, mais nos modes avanc\u00e9s et nos algorithmes bas\u00e9s sur l&rsquo;IA rendent notre outil reformulation de texte plus efficace que les autres. Il est conseill\u00e9 d&rsquo;utiliser un outil de r\u00e9\u00e9criture dot\u00e9 des m\u00eames algorithmes avanc\u00e9s que les n\u00f4tres.<\/span><\/p>\t\t\t\t\t\t\t\t<\/div>\n\t\t\t\t\t<\/div>\n\t\t<\/div>\n\t\t\t\t\t<\/div>\n\t\t<\/section>\n\t\t\t\t<\/div>\n\t\t","protected":false},"excerpt":{"rendered":"<p>Reformuler un texte Words Speak, et notre outil de paraphrase optimis\u00e9 par l&rsquo;IA vous aide \u00e0 reformuler un texte Essais et articles avec des mots parfaits. Ses modes avanc\u00e9s am\u00e9lioreront votre vocabulaire, votre ton et votre style d&rsquo;\u00e9criture. Reformulez n&rsquo;importe quel texte sans limite gr\u00e2ce \u00e0 notre outil de paraphrase. Comment utiliser un modificateur de texte ? reformuler un texte avec notre outil est tr\u00e8s simple. Suivez les \u00e9tapes ci-dessous : \u00c9tape 1 : Saisissez ou collez votre texte dans la zone de texte. \u00c9tape 2 : S\u00e9lectionnez le mode reformulation de texte qui vous convient. \u00c9tape 3 : Cliquez sur le bouton Paraphraser. \u00c9tape 4 : Copiez votre texte de paraphrase et utilisez-le o\u00f9 vous le souhaitez. (Si le texte ne vous convient pas, vous pouvez le reformuler en cliquant \u00e0 nouveau sur le bouton Paraphraser.) Fonctionnalit\u00e9s de notre outil de paraphrase gratuit Notre outil de paraphrase poss\u00e8de des fonctionnalit\u00e9s uniques qui le rendent unique et convivial. Certaines fonctionnalit\u00e9s sont d\u00e9crites ci-dessous : 100 % gratuit Reformuler un texte avec des mots ou un vocabulaire parfait, sans aucun frais. Notre outil reformulateur de phrase est 100 % gratuit. Il est accessible \u00e0 tous. Tous les modes sont gratuits et vous pouvez reformuler un nombre illimit\u00e9 de textes sans abonnement. Interface utilisateur simple Notre reformuler texte poss\u00e8de une interface tr\u00e8s simple et conviviale, accessible \u00e0 tous, sans aucune exp\u00e9rience. N&rsquo;importe qui peut utiliser notre outil reformulation de texte sans se soucier de ses comp\u00e9tences. Saisissez simplement votre texte, cliquez sur le bouton de paraphrase et il sera reformul\u00e9. Gagnez du temps Gr\u00e2ce aux r\u00e9sultats instantan\u00e9s, reformulez votre texte en quelques secondes gr\u00e2ce \u00e0 notre outil reformuler un texte rapide et performant. Saisissez simplement votre texte, s\u00e9lectionnez le mode, cliquez sur le bouton de paraphrase et votre texte appara\u00eet instantan\u00e9ment sous une forme nouvelle et unique. Pr\u00e9cis et fiable Nos algorithmes avanc\u00e9s bas\u00e9s sur l&rsquo;IA rendent notre outil reformulation de phrase plus pr\u00e9cis et fiable que les autres outils. Sa capacit\u00e9 de reformulation est plus pr\u00e9cise que celle de tout autre outil. Aucune inscription requise L&rsquo;utilisation de nos outils de reformulation ne n\u00e9cessite aucune inscription ni connexion. Notre outil de reformulation d&rsquo;essais ne requiert aucune inscription ; les autres outils l&rsquo;ouvrent et l&rsquo;utilisent simplement sans ajouter d&rsquo;informations. 100 % s\u00e9curis\u00e9 L&rsquo;une des caract\u00e9ristiques uniques de notre meilleur outil reformuler un texte est sa s\u00e9curit\u00e9 \u00e0 100 %. Notre outil de reformulation en ligne ne requiert aucune information personnelle ou professionnelle et n&rsquo;enregistre aucun historique de travail. Sans publicit\u00e9 Notre outil r\u00e9\u00e9criture de texte est enti\u00e8rement sans publicit\u00e9, vous permettant de travailler dans un environnement clair et sans distraction. Pop-ups, banni\u00e8res et interruptions : une exp\u00e9rience fluide et concentr\u00e9e du d\u00e9but \u00e0 la fin. Multilingue Notre outil reformuler un texte en ligne est enti\u00e8rement multilingue, permettant aux utilisateurs du monde entier de l&rsquo;utiliser dans leur langue pr\u00e9f\u00e9r\u00e9e. Gr\u00e2ce au soutien de nos experts multilingues, nous souhaitons rendre notre outil de reformulation d&rsquo;articles plus accessible et facile \u00e0 utiliser pour tous, quelle que soit votre origine et votre langue. Utilisateurs de notre outil reformuler un texte Notre outil de reformulation en ligne est utilis\u00e9 par de nombreux utilisateurs dans la vie quotidienne. Voici quelques exemples : Enseignants Les outils de reformulation de texte aident les enseignants \u00e0 am\u00e9liorer leur mat\u00e9riel p\u00e9dagogique et \u00e0 soutenir l&rsquo;apprentissage des \u00e9l\u00e8ves. Certains enseignants utilisent notre outil reformulateur de texte pour simplifier leurs travaux universitaires et comprendre des concepts complexes. D&rsquo;autres l&rsquo;utilisent pour personnaliser leur style d&rsquo;\u00e9criture ou d&rsquo;explication. \u00c9l\u00e8ves L&rsquo;outil changeur de texte aide les \u00e9l\u00e8ves \u00e0 r\u00e9\u00e9crire les diff\u00e9rentes phrases en une phrase simple et facile \u00e0 apprendre. Certains \u00e9l\u00e8ves utilisent notre outil de paraphrase pour acqu\u00e9rir du vocabulaire et perfectionner leurs comp\u00e9tences r\u00e9dactionnelles. R\u00e9dacteurs Les r\u00e9dacteurs sont parmi les utilisateurs les plus populaires de l&rsquo;outil reformuler un texte en ligne gratuit. De nombreux r\u00e9dacteurs utilisent notre outil avanc\u00e9 de paraphrase bas\u00e9 sur l&rsquo;IA pour la r\u00e9daction. Certains utilisent cet outil de r\u00e9\u00e9criture pour leurs contenus sur les r\u00e9seaux sociaux afin de rendre leur travail plus attrayant et unique. Blogueurs Les blogueurs utilisent l&rsquo;outil modificateur de texte pour acc\u00e9l\u00e9rer la cr\u00e9ation de contenu, et d&rsquo;autres pour mettre \u00e0 jour leurs anciens contenus. Il permet principalement de r\u00e9diger du contenu de mani\u00e8re simple et sans plagiat, ce qui le rend unique et facile \u00e0 comprendre pour tous. FAQ Qu&rsquo;est-ce que la paraphrase ? Paraphraser consiste \u00e0 r\u00e9\u00e9crire quelque chose avec ses propres mots tout en conservant le sens original. Au lieu de copier exactement les mots d&rsquo;autrui, on exprime la m\u00eame id\u00e9e diff\u00e9remment. On l&rsquo;utilise souvent pour clarifier, simplifier ou adapter une information \u00e0 son style d&rsquo;\u00e9criture. Comment le paraphrase am\u00e9liore-t-il mes comp\u00e9tences r\u00e9dactionnelles ? Notre outil de paraphrase peut vous aider \u00e0 am\u00e9liorer votre r\u00e9daction. Gr\u00e2ce \u00e0 un outil de paraphrase en ligne, vous pouvez expliquer une m\u00eame id\u00e9e de diff\u00e9rentes mani\u00e8res, enrichir votre vocabulaire et simplifier vos phrases. Il peut \u00e9galement vous aider \u00e0 mieux structurer vos phrases, renfor\u00e7ant ainsi votre style d&rsquo;\u00e9criture. Les outils de paraphrase sont-ils consid\u00e9r\u00e9s comme du plagiat ? Non, l&rsquo;utilisation d&rsquo;un outil de r\u00e9f\u00e9rence reformuler un texte ne constitue pas en soi un plagiat si le r\u00e9sultat est correctement cit\u00e9 et si le texte paraphras\u00e9 est suffisamment distinct de la source originale. En revanche, l&rsquo;utilisation de cet outil pour r\u00e9\u00e9crire les id\u00e9es d&rsquo;autrui sans en citer la source peut tout de m\u00eame constituer un plagiat. Est-il l\u00e9gal d\u2019utiliser un outil de reformulation de texte pour mon travail acad\u00e9mique ? Utiliser un outil de reformulation pour vos travaux universitaires n&rsquo;est pas ill\u00e9gal. Vous pouvez l&rsquo;utiliser \u00e0 de nombreuses fins p\u00e9dagogiques, comme am\u00e9liorer votre style d&rsquo;\u00e9criture, acqu\u00e9rir un vocabulaire avanc\u00e9, etc. Ces outils vous aident \u00e0 comprendre et \u00e0 reformuler des id\u00e9es avec vos propres mots. Respectez toujours les r\u00e8gles d&rsquo;int\u00e9grit\u00e9 acad\u00e9mique de votre \u00e9tablissement. Quel est l\u2019outil de paraphrase le plus efficace ? Il existe de nombreux outils reformuler un texte, mais nos modes avanc\u00e9s et nos algorithmes bas\u00e9s sur l&rsquo;IA rendent notre outil reformulation de texte plus efficace que<\/p>\n","protected":false},"author":2,"featured_media":0,"parent":0,"menu_order":0,"comment_status":"closed","ping_status":"closed","template":"","meta":{"site-sidebar-layout":"no-sidebar","site-content-layout":"","ast-site-content-layout":"full-width-container","site-content-style":"default","site-sidebar-style":"default","ast-global-header-display":"","ast-banner-title-visibility":"","ast-main-header-display":"","ast-hfb-above-header-display":"","ast-hfb-below-header-display":"","ast-hfb-mobile-header-display":"","site-post-title":"disabled","ast-breadcrumbs-content":"","ast-featured-img":"disabled","footer-sml-layout":"","ast-disable-related-posts":"","theme-transparent-header-meta":"default","adv-header-id-meta":"","stick-header-meta":"","header-above-stick-meta":"","header-main-stick-meta":"","header-below-stick-meta":"","astra-migrate-meta-layouts":"default","ast-page-background-enabled":"default","ast-page-background-meta":{"desktop":{"background-color":"var(--ast-global-color-4)","background-image":"","background-repeat":"repeat","background-position":"center center","background-size":"auto","background-attachment":"scroll","background-type":"","background-media":"","overlay-type":"","overlay-color":"","overlay-opacity":"","overlay-gradient":""},"tablet":{"background-color":"","background-image":"","background-repeat":"repeat","background-position":"center center","background-size":"auto","background-attachment":"scroll","background-type":"","background-media":"","overlay-type":"","overlay-color":"","overlay-opacity":"","overlay-gradient":""},"mobile":{"background-color":"","background-image":"","background-repeat":"repeat","background-position":"center center","background-size":"auto","background-attachment":"scroll","background-type":"","background-media":"","overlay-type":"","overlay-color":"","overlay-opacity":"","overlay-gradient":""}},"ast-content-background-meta":{"desktop":{"background-color":"var(--ast-global-color-5)","background-image":"","background-repeat":"repeat","background-position":"center center","background-size":"auto","background-attachment":"scroll","background-type":"","background-media":"","overlay-type":"","overlay-color":"","overlay-opacity":"","overlay-gradient":""},"tablet":{"background-color":"var(--ast-global-color-5)","background-image":"","background-repeat":"repeat","background-position":"center center","background-size":"auto","background-attachment":"scroll","background-type":"","background-media":"","overlay-type":"","overlay-color":"","overlay-opacity":"","overlay-gradient":""},"mobile":{"background-color":"var(--ast-global-color-5)","background-image":"","background-repeat":"repeat","background-position":"center center","background-size":"auto","background-attachment":"scroll","background-type":"","background-media":"","overlay-type":"","overlay-color":"","overlay-opacity":"","overlay-gradient":""}},"footnotes":""},"class_list":["post-9589","page","type-page","status-publish","hentry"],"_links":{"self":[{"href":"https:\/\/invisible-character.org\/fr\/wp-json\/wp\/v2\/pages\/9589","targetHints":{"allow":["GET"]}}],"collection":[{"href":"https:\/\/invisible-character.org\/fr\/wp-json\/wp\/v2\/pages"}],"about":[{"href":"https:\/\/invisible-character.org\/fr\/wp-json\/wp\/v2\/types\/page"}],"author":[{"embeddable":true,"href":"https:\/\/invisible-character.org\/fr\/wp-json\/wp\/v2\/users\/2"}],"replies":[{"embeddable":true,"href":"https:\/\/invisible-character.org\/fr\/wp-json\/wp\/v2\/comments?post=9589"}],"version-history":[{"count":0,"href":"https:\/\/invisible-character.org\/fr\/wp-json\/wp\/v2\/pages\/9589\/revisions"}],"wp:attachment":[{"href":"https:\/\/invisible-character.org\/fr\/wp-json\/wp\/v2\/media?parent=9589"}],"curies":[{"name":"wp","href":"https:\/\/api.w.org\/{rel}","templated":true}]}}