{"id":9600,"date":"2025-05-17T13:53:24","date_gmt":"2025-05-17T13:53:24","guid":{"rendered":"https:\/\/invisible-character.org\/paraphrasing-tool\/"},"modified":"2026-04-14T15:59:06","modified_gmt":"2026-04-14T15:59:06","slug":"paraphrasing-tool","status":"publish","type":"page","link":"https:\/\/invisible-character.org\/it\/paraphrasing-tool\/","title":{"rendered":"Paraphrasing Tool"},"content":{"rendered":"\t\t<div data-elementor-type=\"wp-page\" data-elementor-id=\"9600\" class=\"elementor elementor-9600 elementor-8752\" data-elementor-post-type=\"page\">\n\t\t\t\t\t\t<section class=\"elementor-section elementor-top-section elementor-element elementor-element-49d171d4 elementor-section-boxed elementor-section-height-default elementor-section-height-default wpr-particle-no wpr-jarallax-no wpr-parallax-no wpr-sticky-section-no wpr-equal-height-no\" data-id=\"49d171d4\" data-element_type=\"section\" data-e-type=\"section\" data-settings=\"{&quot;background_background&quot;:&quot;classic&quot;}\">\n\t\t\t\t\t\t<div class=\"elementor-container elementor-column-gap-default\">\n\t\t\t\t\t<div class=\"elementor-column elementor-col-100 elementor-top-column elementor-element elementor-element-53cf9dcc\" data-id=\"53cf9dcc\" data-element_type=\"column\" data-e-type=\"column\" data-settings=\"{&quot;background_background&quot;:&quot;classic&quot;}\">\n\t\t\t<div class=\"elementor-widget-wrap elementor-element-populated\">\n\t\t\t\t\t\t<div class=\"elementor-element elementor-element-1c7e3210 elementor-widget elementor-widget-heading\" data-id=\"1c7e3210\" data-element_type=\"widget\" data-e-type=\"widget\" data-widget_type=\"heading.default\">\n\t\t\t\t\t<h1 class=\"elementor-heading-title elementor-size-default\">Riscrivere testo<\/h1>\t\t\t\t<\/div>\n\t\t\t\t<div class=\"elementor-element elementor-element-4f02e4cc elementor-widget elementor-widget-text-editor\" data-id=\"4f02e4cc\" data-element_type=\"widget\" data-e-type=\"widget\" data-widget_type=\"text-editor.default\">\n\t\t\t\t\t\t\t\t\t<p><span style=\"font-weight: 400;\">Le parole parlano e il nostro strumento parafrasi online basato sull&#8217;intelligenza artificiale ti aiuta a riformulare qualsiasi frase. Saggi e articoli con parole perfette. Le sue modalit\u00e0 avanzate miglioreranno il tuo vocabolario, il tono e lo stile di scrittura. Riformula qualsiasi tuo testo senza limiti utilizzando il nostro strumento riscrivere testo.<\/span><\/p>\n\t\t\t\t\t\t\t\t<\/div>\n\t\t\t\t\t<\/div>\n\t\t<\/div>\n\t\t\t\t\t<\/div>\n\t\t<\/section>\n\t\t\t\t<section class=\"elementor-section elementor-top-section elementor-element elementor-element-4ca1179f elementor-section-boxed elementor-section-height-default elementor-section-height-default wpr-particle-no wpr-jarallax-no wpr-parallax-no wpr-sticky-section-no wpr-equal-height-no\" data-id=\"4ca1179f\" data-element_type=\"section\" data-e-type=\"section\">\n\t\t\t\t\t\t<div class=\"elementor-container elementor-column-gap-default\">\n\t\t\t\t\t<div class=\"elementor-column elementor-col-100 elementor-top-column elementor-element elementor-element-15ac7100\" data-id=\"15ac7100\" data-element_type=\"column\" data-e-type=\"column\">\n\t\t\t<div class=\"elementor-widget-wrap elementor-element-populated\">\n\t\t\t\t\t\t<div class=\"elementor-element elementor-element-636db2b9 elementor-widget elementor-widget-shortcode\" data-id=\"636db2b9\" data-element_type=\"widget\" data-e-type=\"widget\" data-widget_type=\"shortcode.default\">\n\t\t\t\t\t\t\t<div class=\"elementor-shortcode\">    <div id=\"paraphrasing-tool\">\n        <div class=\"tool-container\">\n            <!-- Sezione Modalit\u00e0: Radio Button -->\n            <div class=\"modes-section\" id=\"modes-section\">\n                <div class=\"radio-container\">\n                    <input type=\"radio\" id=\"standard\" name=\"mode\" value=\"standard\" checked>\n                    <label for=\"standard\">Modalit\u00e0 Standard<\/label>\n                    <input type=\"radio\" id=\"fluency\" name=\"mode\" value=\"fluency\">\n                    <label for=\"fluency\">Modalit\u00e0 Fluidit\u00e0<\/label>\n                <\/div>\n            <\/div>\n\n            <!-- Sezione di Input -->\n            <div class=\"input-section\" id=\"input-section\">\n                <textarea id=\"input-text\" class=\"input-textarea\" placeholder=\"Incolla qui il tuo testo...\" aria-label=\"Inserisci testo\"><\/textarea>\n                <div class=\"input-buttons\">\n                    <button id=\"paste-text-btn\" class=\"button\">Incolla Testo<\/button>\n                    <button id=\"paraphrase-btn\" class=\"button\">Parafrasare<\/button>\n                <\/div>\n            <\/div>\n\n            <!-- Sezione di Caricamento: Dentro l'area dello strumento -->\n            <div id=\"loader-section\" class=\"loader-section\" style=\"display:none;\">\n                <div class=\"loader-container\">\n                    <div class=\"loader\"><\/div>\n                    <div id=\"loader-progress\">0%<\/div>\n                <\/div>\n            <\/div>\n\n            <!-- Sezione di Output (solo testo parafrasato e pulsanti) -->\n            <div class=\"output-section\" id=\"output-section\" style=\"display:none;\">\n                <h3>Testo Parafrasato<\/h3>\n                <textarea id=\"result-text\" class=\"output-textarea\" readonly><\/textarea>\n                <div class=\"button-container\">\n                    <button id=\"copy-btn\" class=\"button\">Copia<\/button>\n                    <button id=\"try-again-btn\" class=\"button\">Prova Nuovo Contenuto<\/button>\n                <\/div>\n            <\/div>\n        <\/div>\n    <\/div>\n    <\/div>\n\t\t\t\t\t\t<\/div>\n\t\t\t\t\t<\/div>\n\t\t<\/div>\n\t\t\t\t\t<\/div>\n\t\t<\/section>\n\t\t\t\t<section class=\"elementor-section elementor-top-section elementor-element elementor-element-f3736c9 elementor-section-boxed elementor-section-height-default elementor-section-height-default wpr-particle-no wpr-jarallax-no wpr-parallax-no wpr-sticky-section-no wpr-equal-height-no\" data-id=\"f3736c9\" data-element_type=\"section\" data-e-type=\"section\">\n\t\t\t\t\t\t<div class=\"elementor-container elementor-column-gap-default\">\n\t\t\t\t\t<div class=\"elementor-column elementor-col-100 elementor-top-column elementor-element elementor-element-de80147\" data-id=\"de80147\" data-element_type=\"column\" data-e-type=\"column\">\n\t\t\t<div class=\"elementor-widget-wrap elementor-element-populated\">\n\t\t\t\t\t\t<div class=\"elementor-element elementor-element-7b5ec11 elementor-widget elementor-widget-text-editor\" data-id=\"7b5ec11\" data-element_type=\"widget\" data-e-type=\"widget\" data-widget_type=\"text-editor.default\">\n\t\t\t\t\t\t\t\t\t<h2><b>Come utilizzare il nostro strumento riformulare testo online?<\/b><\/h2><p><b>Riformulare le frasi con il nostro strumento riscrivere testo \u00e8 semplicissimo. Segui questi semplici passaggi indicati di seguito:<\/b><\/p><p>\u00a0<\/p><p><b>Passaggio 1: <\/b><span style=\"font-weight: 400;\">Digita o incolla il testo nella casella di testo.<\/span><\/p><p><b>Passaggio 2<\/b><span style=\"font-weight: 400;\">: Seleziona la modalit\u00e0 di riformulazione delle frasi che preferisci.<\/span><\/p><p><b>Passaggio 3<\/b><span style=\"font-weight: 400;\">: Clicca sul pulsante riscrittura testo.<\/span><\/p><p><b>Passaggio 4:<\/b><span style=\"font-weight: 400;\"> Copia il testo della parafrasi e usalo ovunque.<\/span><\/p><p>\u00a0<\/p><p><span style=\"font-weight: 400;\">(Se il testo non ti piace, puoi riformularlo semplicemente cliccando di nuovo sul pulsante di parafrasi.)<\/span><\/p><p>\u00a0<\/p><h2><b>Caratteristiche del nostro strumento di parafrasi gratuito<\/b><\/h2><p><b>Il nostro strumento cambia parole ha alcune caratteristiche uniche che lo rendono unico e di facile utilizzo. Alcune caratteristiche sono descritte di seguito:\u00a0<\/b><\/p><p>\u00a0<\/p><h3><b>100% gratuito<\/b><\/h3><p>\u00a0<\/p><p><span style=\"font-weight: 400;\">parafrasi online il tuo testo con parole o vocabolario perfetti, senza alcun costo. Il nostro strumento di parafrasi online \u00e8 completamente gratuito. Chiunque pu\u00f2 utilizzarlo senza pagare alcun costo. Tutte le modalit\u00e0 sono gratuite e puoi riformulare un numero illimitato di testi senza dover acquistare alcun abbonamento.<\/span><\/p><p>\u00a0<\/p><h3><b>Interfaccia utente semplice<\/b><\/h3><p>\u00a0<\/p><p><span style=\"font-weight: 400;\">Il nostro strumento riformulare testo online ha un&#8217;interfaccia molto semplice e intuitiva, che chiunque pu\u00f2 utilizzare senza alcuna esperienza. Chiunque pu\u00f2 utilizzare il nostro strumento riscrivere testo senza preoccuparsi di alcuna competenza. Basta inserire il testo e fare clic sul pulsante di parafrasi, e il testo verr\u00e0 riformulato.<\/span><\/p><p>\u00a0<\/p><h3><b>Risparmia tempo<\/b><\/h3><p>\u00a0<\/p><p><span style=\"font-weight: 400;\">Con le funzionalit\u00e0 di risultato istantaneo, puoi riscrivi testo in pochi secondi utilizzando il nostro strumento di parafrasi rapido e veloce. Basta digitare il testo, selezionare la modalit\u00e0, fare clic sul pulsante di parafrasi e il testo apparir\u00e0 immediatamente in una forma nuova e unica.<\/span><\/p><p>\u00a0<\/p><h3><b>Preciso e affidabile<\/b><\/h3><p><span style=\"font-weight: 400;\">I nostri algoritmi avanzati basati sull&#8217;intelligenza artificiale rendono il nostro strumento riscrivere testo pi\u00f9 accurato e affidabile rispetto ad altri strumenti. La sua capacit\u00e0 di riformulazione \u00e8 pi\u00f9 accurata di qualsiasi altro strumento.<\/span><\/p><p>\u00a0<\/p><h3><b>Nessuna registrazione richiesta<\/b><\/h3><p>\u00a0<\/p><p><span style=\"font-weight: 400;\">L&#8217;utilizzo degli strumenti di parafrasi non richiede alcun tipo di registrazione o accesso. Il nostro strumento di riscrittura di saggi non richiede alcun tipo di registrazione; altri strumenti lo aprono e lo utilizzano semplicemente senza aggiungere alcuna informazione.<\/span><\/p><p>\u00a0<\/p><h3><b>100% sicuro<\/b><\/h3><p>\u00a0<\/p><p><span style=\"font-weight: 400;\">Una delle caratteristiche uniche del nostro miglior strumento di cambia parole \u00e8 la sua sicurezza al 100%. Il nostro strumento di riformulazione online non richiede alcun tipo di informazione personale o lavorativa per il suo utilizzo e non registra alcun tipo di cronologia lavorativa.<\/span><\/p><p>\u00a0<\/p><h3><b>Senza pubblicit\u00e0<\/b><\/h3><p>\u00a0<\/p><p><span style=\"font-weight: 400;\">Il nostro strumento di parafrasi \u00e8 completamente privo di pubblicit\u00e0, quindi puoi lavorare in un ambiente pulito e privo di distrazioni. Pop-up, banner e interruzioni: un&#8217;esperienza fluida e mirata dall&#8217;inizio alla fine.<\/span><\/p><p>\u00a0<\/p><h3><b>Multilingue<\/b><\/h3><p>\u00a0<\/p><p><span style=\"font-weight: 400;\">Il nostro strumento di parafrasi online \u00e8 completamente multilingue, quindi gli utenti di tutto il mondo lo utilizzano nella loro lingua preferita. Grazie al supporto multilingue, puntiamo a rendere il nostro strumento di riscrivere testo pi\u00f9 accessibile e facile da usare per tutti, indipendentemente da dove vi troviate o che lingua pariate.<\/span><\/p><p>\u00a0<\/p><h2><b>Utenti dello strumento di parafrasi<\/b><\/h2><p><b>Molti utenti pratici utilizzano il nostro strumento di riformulazione online. Di seguito sono elencati alcuni dei principali utenti:<\/b><\/p><h3><b>Insegnanti<\/b><\/h3><p>\u00a0<\/p><p><span style=\"font-weight: 400;\">Gli strumenti parafrasare online aiutano gli insegnanti a migliorare o potenziare i loro materiali didattici per supportare l&#8217;apprendimento degli studenti. Alcuni insegnanti usano il nostro strumento di parafrasi per scrivere i loro lavori accademici in una forma semplice per comprendere concetti difficili. Altri lo usano per rendere il loro stile di scrittura o di spiegazione pi\u00f9 originale.<\/span><\/p><p>\u00a0<\/p><h3><b>Studenti<\/b><\/h3><p>\u00a0<\/p><p><span style=\"font-weight: 400;\">Uno strumento di parafrasi aiuta gli studenti a riscrivere le diverse frasi in una riga semplice e facile da imparare. Alcuni studenti usano il nostro strumento di parafrasi per apprendere nuovo vocabolario e affinare le proprie capacit\u00e0 di scrittura.<\/span><\/p><p>\u00a0<\/p><h3><b>Copywriter<\/b><\/h3><p>\u00a0<\/p><p><span style=\"font-weight: 400;\">I copywriter sono tra gli utenti pi\u00f9 popolari degli strumenti riscrivere testo online gratuiti. Molti copywriter utilizzano il nostro avanzato strumento di parafrasi basato sull&#8217;intelligenza artificiale per il copywriting. Alcuni di loro usano questo strumento di riscrittura per i contenuti dei social media per rendere il loro lavoro pi\u00f9 accattivante e originale.<\/span><\/p><p>\u00a0<\/p><h3><b>Blogger<\/b><\/h3><p>\u00a0<\/p><p><span style=\"font-weight: 400;\">I blogger utilizzano lo strumento di parafrasi per velocizzare la creazione di contenuti e alcuni lo usano per aggiornare i loro vecchi contenuti. Viene utilizzato principalmente per scrivere contenuti semplici e privi di plagio, rendendoli unici e facili da comprendere per tutti.<\/span><\/p><p>\u00a0<\/p><h2><b>FAQ<\/b><\/h2><p>\u00a0<\/p><h3><b>Che cosa \u00e8 la parafrasi?<\/b><\/h3><p><span style=\"font-weight: 400;\">Parafrasare \u00e8 l&#8217;atto di riscrivere qualcosa con parole proprie, mantenendone il significato originale. Invece di copiare esattamente le parole di qualcun altro, si esprime lo stesso concetto in modo diverso. Viene spesso utilizzato per rendere le informazioni pi\u00f9 chiare, semplici o pi\u00f9 adatte al proprio stile di scrittura.<\/span><\/p><p>\u00a0<\/p><h3><b>In che modo il parafrasatore migliora le mie capacit\u00e0 di scrittura?<\/b><\/h3><p><span style=\"font-weight: 400;\">Il nostro strumento riscrivere testo pu\u00f2 aiutarti a migliorare la tua scrittura: utilizzando uno strumento online cambia parole puoi spiegare la stessa idea in molti modi diversi, ampliando il tuo vocabolario e semplificando le frasi. Pu\u00f2 anche aiutarti a imparare a strutturare meglio le frasi, rafforzando il tuo stile di scrittura generale.e.<\/span><\/p><p>\u00a0<\/p><h3><b>Gli strumenti di parafrasi sono considerati plagio?<\/b><\/h3><p><span style=\"font-weight: 400;\">No, utilizzare uno strumento di parafrasi di qualit\u00e0 non costituisce di per s\u00e9 plagio se il risultato \u00e8 correttamente citato e il testo parafrasato \u00e8 sufficientemente diverso dalla fonte originale. Tuttavia, utilizzarlo per riscrivere le idee di qualcun altro senza citarne il merito pu\u00f2 comunque costituire plagio.<\/span><\/p><h3><b>\u00c8 legale utilizzare uno strumento di riformulazione per il mio lavoro accademico?<\/b><\/h3><p><span style=\"font-weight: 400;\">Utilizzare uno strumento di riformulazione per lavori accademici non \u00e8 illegale; puoi usarlo per molti scopi didattici, come migliorare il tuo stile di scrittura, imparare un vocabolario avanzato, ecc. Questi strumenti dovrebbero aiutarti a comprendere e riscrivere le idee con parole tue. Segui sempre le linee guida sull&#8217;integrit\u00e0 accademica della tua scuola.<\/span><\/p><h3><b>Qual \u00e8 lo strumento di parafrasi pi\u00f9 efficace?\u00a0<\/b><\/h3><p><span style=\"font-weight: 400;\">Esistono molti strumenti di riscrivere testo, ma le nostre modalit\u00e0 avanzate e gli algoritmi basati sull&#8217;intelligenza artificiale rendono il nostro strumento di parafrasi online pi\u00f9 efficace di altri. Dovresti sempre utilizzare uno strumento di riscrittura che abbia gli stessi algoritmi di lavoro avanzati del nostro.<\/span><\/p>\t\t\t\t\t\t\t\t<\/div>\n\t\t\t\t\t<\/div>\n\t\t<\/div>\n\t\t\t\t\t<\/div>\n\t\t<\/section>\n\t\t\t\t<\/div>\n\t\t","protected":false},"excerpt":{"rendered":"<p>Riscrivere testo Le parole parlano e il nostro strumento parafrasi online basato sull&#8217;intelligenza artificiale ti aiuta a riformulare qualsiasi frase. Saggi e articoli con parole perfette. Le sue modalit\u00e0 avanzate miglioreranno il tuo vocabolario, il tono e lo stile di scrittura. Riformula qualsiasi tuo testo senza limiti utilizzando il nostro strumento riscrivere testo. Come utilizzare il nostro strumento riformulare testo online? Riformulare le frasi con il nostro strumento riscrivere testo \u00e8 semplicissimo. Segui questi semplici passaggi indicati di seguito: \u00a0 Passaggio 1: Digita o incolla il testo nella casella di testo. Passaggio 2: Seleziona la modalit\u00e0 di riformulazione delle frasi che preferisci. Passaggio 3: Clicca sul pulsante riscrittura testo. Passaggio 4: Copia il testo della parafrasi e usalo ovunque. \u00a0 (Se il testo non ti piace, puoi riformularlo semplicemente cliccando di nuovo sul pulsante di parafrasi.) \u00a0 Caratteristiche del nostro strumento di parafrasi gratuito Il nostro strumento cambia parole ha alcune caratteristiche uniche che lo rendono unico e di facile utilizzo. Alcune caratteristiche sono descritte di seguito:\u00a0 \u00a0 100% gratuito \u00a0 parafrasi online il tuo testo con parole o vocabolario perfetti, senza alcun costo. Il nostro strumento di parafrasi online \u00e8 completamente gratuito. Chiunque pu\u00f2 utilizzarlo senza pagare alcun costo. Tutte le modalit\u00e0 sono gratuite e puoi riformulare un numero illimitato di testi senza dover acquistare alcun abbonamento. \u00a0 Interfaccia utente semplice \u00a0 Il nostro strumento riformulare testo online ha un&#8217;interfaccia molto semplice e intuitiva, che chiunque pu\u00f2 utilizzare senza alcuna esperienza. Chiunque pu\u00f2 utilizzare il nostro strumento riscrivere testo senza preoccuparsi di alcuna competenza. Basta inserire il testo e fare clic sul pulsante di parafrasi, e il testo verr\u00e0 riformulato. \u00a0 Risparmia tempo \u00a0 Con le funzionalit\u00e0 di risultato istantaneo, puoi riscrivi testo in pochi secondi utilizzando il nostro strumento di parafrasi rapido e veloce. Basta digitare il testo, selezionare la modalit\u00e0, fare clic sul pulsante di parafrasi e il testo apparir\u00e0 immediatamente in una forma nuova e unica. \u00a0 Preciso e affidabile I nostri algoritmi avanzati basati sull&#8217;intelligenza artificiale rendono il nostro strumento riscrivere testo pi\u00f9 accurato e affidabile rispetto ad altri strumenti. La sua capacit\u00e0 di riformulazione \u00e8 pi\u00f9 accurata di qualsiasi altro strumento. \u00a0 Nessuna registrazione richiesta \u00a0 L&#8217;utilizzo degli strumenti di parafrasi non richiede alcun tipo di registrazione o accesso. Il nostro strumento di riscrittura di saggi non richiede alcun tipo di registrazione; altri strumenti lo aprono e lo utilizzano semplicemente senza aggiungere alcuna informazione. \u00a0 100% sicuro \u00a0 Una delle caratteristiche uniche del nostro miglior strumento di cambia parole \u00e8 la sua sicurezza al 100%. Il nostro strumento di riformulazione online non richiede alcun tipo di informazione personale o lavorativa per il suo utilizzo e non registra alcun tipo di cronologia lavorativa. \u00a0 Senza pubblicit\u00e0 \u00a0 Il nostro strumento di parafrasi \u00e8 completamente privo di pubblicit\u00e0, quindi puoi lavorare in un ambiente pulito e privo di distrazioni. Pop-up, banner e interruzioni: un&#8217;esperienza fluida e mirata dall&#8217;inizio alla fine. \u00a0 Multilingue \u00a0 Il nostro strumento di parafrasi online \u00e8 completamente multilingue, quindi gli utenti di tutto il mondo lo utilizzano nella loro lingua preferita. Grazie al supporto multilingue, puntiamo a rendere il nostro strumento di riscrivere testo pi\u00f9 accessibile e facile da usare per tutti, indipendentemente da dove vi troviate o che lingua pariate. \u00a0 Utenti dello strumento di parafrasi Molti utenti pratici utilizzano il nostro strumento di riformulazione online. Di seguito sono elencati alcuni dei principali utenti: Insegnanti \u00a0 Gli strumenti parafrasare online aiutano gli insegnanti a migliorare o potenziare i loro materiali didattici per supportare l&#8217;apprendimento degli studenti. Alcuni insegnanti usano il nostro strumento di parafrasi per scrivere i loro lavori accademici in una forma semplice per comprendere concetti difficili. Altri lo usano per rendere il loro stile di scrittura o di spiegazione pi\u00f9 originale. \u00a0 Studenti \u00a0 Uno strumento di parafrasi aiuta gli studenti a riscrivere le diverse frasi in una riga semplice e facile da imparare. Alcuni studenti usano il nostro strumento di parafrasi per apprendere nuovo vocabolario e affinare le proprie capacit\u00e0 di scrittura. \u00a0 Copywriter \u00a0 I copywriter sono tra gli utenti pi\u00f9 popolari degli strumenti riscrivere testo online gratuiti. Molti copywriter utilizzano il nostro avanzato strumento di parafrasi basato sull&#8217;intelligenza artificiale per il copywriting. Alcuni di loro usano questo strumento di riscrittura per i contenuti dei social media per rendere il loro lavoro pi\u00f9 accattivante e originale. \u00a0 Blogger \u00a0 I blogger utilizzano lo strumento di parafrasi per velocizzare la creazione di contenuti e alcuni lo usano per aggiornare i loro vecchi contenuti. Viene utilizzato principalmente per scrivere contenuti semplici e privi di plagio, rendendoli unici e facili da comprendere per tutti. \u00a0 FAQ \u00a0 Che cosa \u00e8 la parafrasi? Parafrasare \u00e8 l&#8217;atto di riscrivere qualcosa con parole proprie, mantenendone il significato originale. Invece di copiare esattamente le parole di qualcun altro, si esprime lo stesso concetto in modo diverso. Viene spesso utilizzato per rendere le informazioni pi\u00f9 chiare, semplici o pi\u00f9 adatte al proprio stile di scrittura. \u00a0 In che modo il parafrasatore migliora le mie capacit\u00e0 di scrittura? Il nostro strumento riscrivere testo pu\u00f2 aiutarti a migliorare la tua scrittura: utilizzando uno strumento online cambia parole puoi spiegare la stessa idea in molti modi diversi, ampliando il tuo vocabolario e semplificando le frasi. Pu\u00f2 anche aiutarti a imparare a strutturare meglio le frasi, rafforzando il tuo stile di scrittura generale.e. \u00a0 Gli strumenti di parafrasi sono considerati plagio? No, utilizzare uno strumento di parafrasi di qualit\u00e0 non costituisce di per s\u00e9 plagio se il risultato \u00e8 correttamente citato e il testo parafrasato \u00e8 sufficientemente diverso dalla fonte originale. Tuttavia, utilizzarlo per riscrivere le idee di qualcun altro senza citarne il merito pu\u00f2 comunque costituire plagio. \u00c8 legale utilizzare uno strumento di riformulazione per il mio lavoro accademico? Utilizzare uno strumento di riformulazione per lavori accademici non \u00e8 illegale; puoi usarlo per molti scopi didattici, come migliorare il tuo stile di scrittura, imparare un vocabolario avanzato, ecc. Questi strumenti dovrebbero aiutarti a comprendere e riscrivere le idee con parole tue. Segui sempre le linee guida sull&#8217;integrit\u00e0<\/p>\n","protected":false},"author":2,"featured_media":0,"parent":0,"menu_order":0,"comment_status":"closed","ping_status":"closed","template":"","meta":{"site-sidebar-layout":"no-sidebar","site-content-layout":"","ast-site-content-layout":"full-width-container","site-content-style":"default","site-sidebar-style":"default","ast-global-header-display":"","ast-banner-title-visibility":"","ast-main-header-display":"","ast-hfb-above-header-display":"","ast-hfb-below-header-display":"","ast-hfb-mobile-header-display":"","site-post-title":"disabled","ast-breadcrumbs-content":"","ast-featured-img":"disabled","footer-sml-layout":"","ast-disable-related-posts":"","theme-transparent-header-meta":"default","adv-header-id-meta":"","stick-header-meta":"","header-above-stick-meta":"","header-main-stick-meta":"","header-below-stick-meta":"","astra-migrate-meta-layouts":"default","ast-page-background-enabled":"default","ast-page-background-meta":{"desktop":{"background-color":"var(--ast-global-color-4)","background-image":"","background-repeat":"repeat","background-position":"center center","background-size":"auto","background-attachment":"scroll","background-type":"","background-media":"","overlay-type":"","overlay-color":"","overlay-opacity":"","overlay-gradient":""},"tablet":{"background-color":"","background-image":"","background-repeat":"repeat","background-position":"center center","background-size":"auto","background-attachment":"scroll","background-type":"","background-media":"","overlay-type":"","overlay-color":"","overlay-opacity":"","overlay-gradient":""},"mobile":{"background-color":"","background-image":"","background-repeat":"repeat","background-position":"center center","background-size":"auto","background-attachment":"scroll","background-type":"","background-media":"","overlay-type":"","overlay-color":"","overlay-opacity":"","overlay-gradient":""}},"ast-content-background-meta":{"desktop":{"background-color":"var(--ast-global-color-5)","background-image":"","background-repeat":"repeat","background-position":"center center","background-size":"auto","background-attachment":"scroll","background-type":"","background-media":"","overlay-type":"","overlay-color":"","overlay-opacity":"","overlay-gradient":""},"tablet":{"background-color":"var(--ast-global-color-5)","background-image":"","background-repeat":"repeat","background-position":"center center","background-size":"auto","background-attachment":"scroll","background-type":"","background-media":"","overlay-type":"","overlay-color":"","overlay-opacity":"","overlay-gradient":""},"mobile":{"background-color":"var(--ast-global-color-5)","background-image":"","background-repeat":"repeat","background-position":"center center","background-size":"auto","background-attachment":"scroll","background-type":"","background-media":"","overlay-type":"","overlay-color":"","overlay-opacity":"","overlay-gradient":""}},"footnotes":""},"class_list":["post-9600","page","type-page","status-publish","hentry"],"_links":{"self":[{"href":"https:\/\/invisible-character.org\/it\/wp-json\/wp\/v2\/pages\/9600","targetHints":{"allow":["GET"]}}],"collection":[{"href":"https:\/\/invisible-character.org\/it\/wp-json\/wp\/v2\/pages"}],"about":[{"href":"https:\/\/invisible-character.org\/it\/wp-json\/wp\/v2\/types\/page"}],"author":[{"embeddable":true,"href":"https:\/\/invisible-character.org\/it\/wp-json\/wp\/v2\/users\/2"}],"replies":[{"embeddable":true,"href":"https:\/\/invisible-character.org\/it\/wp-json\/wp\/v2\/comments?post=9600"}],"version-history":[{"count":0,"href":"https:\/\/invisible-character.org\/it\/wp-json\/wp\/v2\/pages\/9600\/revisions"}],"wp:attachment":[{"href":"https:\/\/invisible-character.org\/it\/wp-json\/wp\/v2\/media?parent=9600"}],"curies":[{"name":"wp","href":"https:\/\/api.w.org\/{rel}","templated":true}]}}