{"id":9647,"date":"2025-05-17T13:53:24","date_gmt":"2025-05-17T13:53:24","guid":{"rendered":"https:\/\/invisible-character.org\/paraphrasing-tool\/"},"modified":"2026-04-14T15:54:58","modified_gmt":"2026-04-14T15:54:58","slug":"paraphrasing-tool","status":"publish","type":"page","link":"https:\/\/invisible-character.org\/pt-br\/paraphrasing-tool\/","title":{"rendered":"Paraphrasing Tool"},"content":{"rendered":"\t\t<div data-elementor-type=\"wp-page\" data-elementor-id=\"9647\" class=\"elementor elementor-9647 elementor-8752\" data-elementor-post-type=\"page\">\n\t\t\t\t\t\t<section class=\"elementor-section elementor-top-section elementor-element elementor-element-49d171d4 elementor-section-boxed elementor-section-height-default elementor-section-height-default wpr-particle-no wpr-jarallax-no wpr-parallax-no wpr-sticky-section-no wpr-equal-height-no\" data-id=\"49d171d4\" data-element_type=\"section\" data-e-type=\"section\" data-settings=\"{&quot;background_background&quot;:&quot;classic&quot;}\">\n\t\t\t\t\t\t<div class=\"elementor-container elementor-column-gap-default\">\n\t\t\t\t\t<div class=\"elementor-column elementor-col-100 elementor-top-column elementor-element elementor-element-53cf9dcc\" data-id=\"53cf9dcc\" data-element_type=\"column\" data-e-type=\"column\" data-settings=\"{&quot;background_background&quot;:&quot;classic&quot;}\">\n\t\t\t<div class=\"elementor-widget-wrap elementor-element-populated\">\n\t\t\t\t\t\t<div class=\"elementor-element elementor-element-1c7e3210 elementor-widget elementor-widget-heading\" data-id=\"1c7e3210\" data-element_type=\"widget\" data-e-type=\"widget\" data-widget_type=\"heading.default\">\n\t\t\t\t\t<h1 class=\"elementor-heading-title elementor-size-default\">Reescrever texto<\/h1>\t\t\t\t<\/div>\n\t\t\t\t<div class=\"elementor-element elementor-element-4f02e4cc elementor-widget elementor-widget-text-editor\" data-id=\"4f02e4cc\" data-element_type=\"widget\" data-e-type=\"widget\" data-widget_type=\"text-editor.default\">\n\t\t\t\t\t\t\t\t\t<p><span style=\"font-weight: 400;\">As Palavras Falam, e nossa ferramenta parafrase online com tecnologia de IA ajuda voc\u00ea a reformular qualquer frase.Reda\u00e7\u00f5es e artigos com palavras perfeitas. Seus modos avan\u00e7ados aprimoraram seu vocabul\u00e1rio, tom e estilo de escrita. Reformule qualquer um dos seus trabalhos escritos sem limites usando nossa ferramenta parafrasear online.<\/span><\/p>\n\t\t\t\t\t\t\t\t<\/div>\n\t\t\t\t\t<\/div>\n\t\t<\/div>\n\t\t\t\t\t<\/div>\n\t\t<\/section>\n\t\t\t\t<section class=\"elementor-section elementor-top-section elementor-element elementor-element-4ca1179f elementor-section-boxed elementor-section-height-default elementor-section-height-default wpr-particle-no wpr-jarallax-no wpr-parallax-no wpr-sticky-section-no wpr-equal-height-no\" data-id=\"4ca1179f\" data-element_type=\"section\" data-e-type=\"section\">\n\t\t\t\t\t\t<div class=\"elementor-container elementor-column-gap-default\">\n\t\t\t\t\t<div class=\"elementor-column elementor-col-100 elementor-top-column elementor-element elementor-element-15ac7100\" data-id=\"15ac7100\" data-element_type=\"column\" data-e-type=\"column\">\n\t\t\t<div class=\"elementor-widget-wrap elementor-element-populated\">\n\t\t\t\t\t\t<div class=\"elementor-element elementor-element-636db2b9 elementor-widget elementor-widget-shortcode\" data-id=\"636db2b9\" data-element_type=\"widget\" data-e-type=\"widget\" data-widget_type=\"shortcode.default\">\n\t\t\t\t\t\t\t<div class=\"elementor-shortcode\">    <div id=\"paraphrasing-tool\">\n        <div class=\"tool-container\">\n            <!-- Modlar B\u00f6l\u00fcm\u00fc: Radyo Butonlar\u0131 -->\n            <div class=\"modes-section\" id=\"modes-section\">\n                <div class=\"radio-container\">\n                    <input type=\"radio\" id=\"standard\" name=\"mode\" value=\"standard\" checked>\n                    <label for=\"standard\">Standart Mod<\/label>\n                    <input type=\"radio\" id=\"fluency\" name=\"mode\" value=\"fluency\">\n                    <label for=\"fluency\">Ak\u0131c\u0131l\u0131k Modu<\/label>\n                <\/div>\n            <\/div>\n\n            <!-- Girdi B\u00f6l\u00fcm\u00fc -->\n            <div class=\"input-section\" id=\"input-section\">\n                <textarea id=\"input-text\" class=\"input-textarea\" placeholder=\"Buraya metninizi yap\u0131\u015ft\u0131r\u0131n...\" aria-label=\"Metin girin\"><\/textarea>\n                <div class=\"input-buttons\">\n                    <button id=\"paste-text-btn\" class=\"button\">Metni Yap\u0131\u015ft\u0131r<\/button>\n                    <button id=\"paraphrase-btn\" class=\"button\">Parafrazla<\/button>\n                <\/div>\n            <\/div>\n\n            <!-- Y\u00fckleyici B\u00f6l\u00fcm\u00fc: Ara\u00e7 Alan\u0131nda -->\n            <div id=\"loader-section\" class=\"loader-section\" style=\"display:none;\">\n                <div class=\"loader-container\">\n                    <div class=\"loader\"><\/div>\n                    <div id=\"loader-progress\">0%<\/div>\n                <\/div>\n            <\/div>\n\n            <!-- \u00c7\u0131kt\u0131 B\u00f6l\u00fcm\u00fc (yaln\u0131zca parafraze edilmi\u015f metin ve butonlar) -->\n            <div class=\"output-section\" id=\"output-section\" style=\"display:none;\">\n                <h3>Parafraz Edilmi\u015f Metin<\/h3>\n                <textarea id=\"result-text\" class=\"output-textarea\" readonly><\/textarea>\n                <div class=\"button-container\">\n                    <button id=\"copy-btn\" class=\"button\">Kopyala<\/button>\n                    <button id=\"try-again-btn\" class=\"button\">Yeni \u0130\u00e7erik Dene<\/button>\n                <\/div>\n            <\/div>\n        <\/div>\n    <\/div>\n    <\/div>\n\t\t\t\t\t\t<\/div>\n\t\t\t\t\t<\/div>\n\t\t<\/div>\n\t\t\t\t\t<\/div>\n\t\t<\/section>\n\t\t\t\t<section class=\"elementor-section elementor-top-section elementor-element elementor-element-f3736c9 elementor-section-boxed elementor-section-height-default elementor-section-height-default wpr-particle-no wpr-jarallax-no wpr-parallax-no wpr-sticky-section-no wpr-equal-height-no\" data-id=\"f3736c9\" data-element_type=\"section\" data-e-type=\"section\">\n\t\t\t\t\t\t<div class=\"elementor-container elementor-column-gap-default\">\n\t\t\t\t\t<div class=\"elementor-column elementor-col-100 elementor-top-column elementor-element elementor-element-de80147\" data-id=\"de80147\" data-element_type=\"column\" data-e-type=\"column\">\n\t\t\t<div class=\"elementor-widget-wrap elementor-element-populated\">\n\t\t\t\t\t\t<div class=\"elementor-element elementor-element-7b5ec11 elementor-widget elementor-widget-text-editor\" data-id=\"7b5ec11\" data-element_type=\"widget\" data-e-type=\"widget\" data-widget_type=\"text-editor.default\">\n\t\t\t\t\t\t\t\t\t<h2><b>Como usar uma ferramenta reescrever texto online?<\/b><\/h2>\n<p><b>Reformular suas frases com a nossa ferramenta parafraseando\u00e9 muito f\u00e1cil. Siga estes passos simples abaixo:<\/b><\/p>\n<h2><\/h2>\n<p><b>Passo 1:<\/b><span style=\"font-weight: 400;\"> Digite ou cole seu texto na caixa de texto.<\/span><\/p>\n<p><b>Passo 2:<\/b><span style=\"font-weight: 400;\"> Selecione o modo de frase parafraseador de sua prefer\u00eancia.<\/span><\/p>\n<p><b>Passo 3:<\/b><span style=\"font-weight: 400;\"> Clique no bot\u00e3o parafrasear textos.<\/span><\/p>\n<p><b>Passo 4:<\/b><span style=\"font-weight: 400;\"> Copie o texto da sua par\u00e1frase e use-o em qualquer lugar.<\/span><\/p>\n<h2><\/h2>\n<p><b>(Se n\u00e3o gostar do texto, voc\u00ea pode reformul\u00e1-lo clicando novamente no bot\u00e3o parafrasear texto.)<\/b><\/p>\n<h2><\/h2>\n<p><\/p>\n<h2><b>Recursos da nossa ferramenta reescrever texto gr\u00e1tis<\/b><\/h2>\n<p><b>Nossa ferramenta de par\u00e1frase tem alguns recursos exclusivos que a tornam \u00fanica e f\u00e1cil de usar. Alguns recursos s\u00e3o descritos abaixo:<\/b><\/p>\n<h2><\/h2>\n<p><\/p>\n<h3><b>100% Gr\u00e1tis<\/b><\/h3>\n<p><\/p>\n<h2><\/h2>\n<p><span style=\"font-weight: 400;\">Reescreva qualquer texto com palavras ou vocabul\u00e1rio perfeitos, sem nenhum custo. Nossa ferramenta online reescrever texto \u00e9 100% gratuita. Qualquer pessoa pode us\u00e1-la sem pagar nada. Todos os modos s\u00e3o gratuitos e voc\u00ea pode parafrasear textos sem comprar nenhuma assinatura.<\/span><\/p>\n<h2><\/h2>\n<p><\/p>\n<h3><b>Interface de usu\u00e1rio f\u00e1cil<\/b><\/h3>\n<p><\/p>\n<h2><\/h2>\n<p><span style=\"font-weight: 400;\">Nossa ferramenta parafraseador possui uma interface muito simples e amig\u00e1vel, que qualquer pessoa pode usar, mesmo sem experi\u00eancia. Qualquer pessoa pode usar nossa ferramenta parafrase online sem se preocupar com nenhum conhecimento. Basta digitar seu texto e clicar no bot\u00e3o de parafrasear, e seu texto ser\u00e1 reformulado.<\/span><\/p>\n<h2><\/h2>\n<p><\/p>\n<h3><b>Economize tempo<\/b><\/h3>\n<p><\/p>\n<h2><\/h2>\n<p><span style=\"font-weight: 400;\">Com recursos de resultados instant\u00e2neos, voc\u00ea pode reformular seu texto em segundos usando nossa ferramenta r\u00e1pida e \u00e1gil parafrasear online. Basta digitar seu texto, selecionar o modo, clicar no bot\u00e3o de parafrasear e seu texto aparecer\u00e1 imediatamente em um formato novo e exclusivo.<\/span><\/p>\n<h2><\/h2>\n<p><\/p>\n<h3><b>Preciso e confi\u00e1vel<\/b><\/h3>\n<p><\/p>\n<h2><\/h2>\n<p><span style=\"font-weight: 400;\">Nossos algoritmos avan\u00e7ados baseados em IA tornam nossa ferramenta reescrever texto mais precisa e confi\u00e1vel do que outras ferramentas. Sua capacidade de reformula\u00e7\u00e3o \u00e9 mais precisa do que qualquer outra ferramenta.<\/span><\/p>\n<h2><\/h2>\n<p><\/p>\n<h3><b>N\u00e3o requer cadastro<\/b><\/h3>\n<p><span style=\"font-weight: 400;\">O uso das ferramentas para<\/span><\/p>\n<p><span style=\"font-weight: 400;\">frasear textos online n\u00e3o exige nenhum tipo de cadastro ou login. Nosso reescritor de ensaios n\u00e3o solicita nenhum tipo de cadastro; outras ferramentas apenas o abrem e o utilizam sem adicionar nenhuma informa\u00e7\u00e3o.<\/span><\/p>\n<h2><\/h2>\n<p><\/p>\n<h3><b>100% Seguro<\/b><\/h3>\n<p><\/p>\n<h2><\/h2>\n<p><span style=\"font-weight: 400;\">Um dos recursos exclusivos da nossa melhor ferramenta de par\u00e1frase \u00e9 que ela \u00e9 100% segura. Nossa ferramenta de reformula\u00e7\u00e3o online n\u00e3o exige nenhum tipo de informa\u00e7\u00e3o pessoal ou profissional para seu uso e n\u00e3o registra nenhum tipo de hist\u00f3rico profissional.<\/span><\/p>\n<h2><\/h2>\n<p><\/p>\n<h3><b>Sem An\u00fancios<\/b><\/h3>\n<p><\/p>\n<h2><\/h2>\n<p><span style=\"font-weight: 400;\">Nosso parafraseador online \u00e9 totalmente livre de an\u00fancios, para que voc\u00ea possa trabalhar em um ambiente limpo e sem distra\u00e7\u00f5es. Pop-ups, banners e interrup\u00e7\u00f5es, uma experi\u00eancia fluida e focada do in\u00edcio ao fim.<\/span><\/p>\n<h2><\/h2>\n<p><\/p>\n<h3><b>Multil\u00edngue<\/b><\/h3>\n<p><\/p>\n<h2><\/h2>\n<p><span style=\"font-weight: 400;\">Nossa ferramenta online reescrever texto \u00e9 totalmente multil\u00edngue, para que usu\u00e1rios de todo o mundo a utilizem em seu idioma preferido. Com o suporte do multil\u00edngue, pretendemos tornar nossa ferramenta reescrever texto mais acess\u00edvel e f\u00e1cil de usar para todos, n\u00e3o importa de onde voc\u00ea seja ou qual idioma voc\u00ea fale.<\/span><\/p>\n<h2><\/h2>\n<p><\/p>\n<h2><b>Usu\u00e1rios da ferramenta de par\u00e1frase<\/b><\/h2>\n<p><b>Nossa ferramenta de reformula\u00e7\u00e3o online tem muitos usu\u00e1rios pr\u00e1ticos. Alguns dos principais usu\u00e1rios est\u00e3o listados abaixo:<\/b><\/p>\n<h2><\/h2>\n<p><\/p>\n<h3><b>Professores<\/b><\/h3>\n<p><\/p>\n<h2><\/h2>\n<p><span style=\"font-weight: 400;\">As ferramentas Reescreva texto ajudam os professores a aprimorar ou aprimorar seus materiais did\u00e1ticos para apoiar a aprendizagem dos alunos. Alguns professores usam nossa ferramenta parafraseador de textos para escrever seus trabalhos acad\u00eamicos de forma simples, a fim de compreender conceitos dif\u00edceis. Outros professores a usam para tornar seu estilo de escrita ou explica\u00e7\u00e3o mais exclusivo.<\/span><\/p>\n<h2><\/h2>\n<p><\/p>\n<h3><b>Alunos<\/b><\/h3>\n<p><\/p>\n<h2><\/h2>\n<p><span style=\"font-weight: 400;\">A ferramenta reescrever texto ajuda o aluno a reescrever diferentes frases em uma linha simples e f\u00e1cil de aprender. Alguns alunos usam nossa ferramenta de par\u00e1frase para aprender novo vocabul\u00e1rio e aprimorar suas habilidades de escrita.<\/span><\/p>\n<h2><\/h2>\n<p><\/p>\n<h3><b>Redatores<\/b><\/h3>\n<p><\/p>\n<h2><\/h2>\n<p><span style=\"font-weight: 400;\">Redatores s\u00e3o um dos usu\u00e1rios mais populares de ferramentas de par\u00e1frase online gratuitas. Muitos redatores usam nossa ferramenta avan\u00e7ada de par\u00e1frase baseada em IA para reda\u00e7\u00e3o. Alguns deles usam essa ferramenta de reescrita para conte\u00fado de m\u00eddia social, tornando seu trabalho mais atraente e exclusivo.<\/span><\/p>\n<h2><\/h2>\n<p><\/p>\n<h3><b>Blogueiros<\/b><\/h3>\n<p><\/p>\n<h2><\/h2>\n<p><span style=\"font-weight: 400;\">Blogueiros est\u00e3o usando ferramentas de par\u00e1frase para acelerar a cria\u00e7\u00e3o de conte\u00fado e alguns as usam para atualizar seu conte\u00fado antigo. Geralmente, ele \u00e9 usado para escrever o conte\u00fado de uma forma simples e sem pl\u00e1gio, o que torna o conte\u00fado \u00fanico e f\u00e1cil de entender para todos.<\/span><\/p>\n<h2><\/h2>\n<p><\/p>\n<h2><b>Perguntas frequentes<\/b><\/h2>\n<p><\/p>\n<h2><\/h2>\n<p><\/p>\n<h3><b>O que \u00e9 par\u00e1frase?<\/b><\/h3>\n<p><span style=\"font-weight: 400;\">Parafrasear \u00e9 o ato de reescrever algo com suas pr\u00f3prias palavras, mantendo o significado original. Em vez de copiar exatamente as palavras de outra pessoa, voc\u00ea expressa a mesma ideia de forma diferente. \u00c9 frequentemente usado para tornar as informa\u00e7\u00f5es mais claras, simples ou mais adequadas ao seu estilo de escrita.<\/span><\/p>\n<h2><\/h2>\n<p><\/p>\n<h3><b>Como o parafraseador melhora minhas habilidades de escrita?<\/b><\/h3>\n<p><span style=\"font-weight: 400;\">Nossa ferramenta reescrever texto pode ajudar a melhorar sua escrita. Usando uma ferramenta de par\u00e1frase online, voc\u00ea pode explicar a mesma ideia de diversas maneiras, expandindo seu vocabul\u00e1rio e simplificando suas frases. Ela tamb\u00e9m pode ajud\u00e1-lo a aprender a estruturar melhor as frases, o que fortalece seu estilo geral de escrita.<\/span><\/p>\n<h2><\/h2>\n<p><\/p>\n<h3><b>Ferramentas de par\u00e1frase s\u00e3o consideradas pl\u00e1gio?<\/b><\/h3>\n<p><\/p>\n<h2><\/h2>\n<p><span style=\"font-weight: 400;\">N\u00e3o, usar uma ferramenta de par\u00e1frase de alta qualidade n\u00e3o constitui pl\u00e1gio inerentemente se o resultado for devidamente citado e o texto parafraseado for suficientemente distinto da fonte original. Mas us\u00e1-las para reescrever as ideias de outra pessoa sem dar os devidos cr\u00e9ditos ainda pode ser considerado pl\u00e1gio.<\/span><\/p>\n<h2><\/h2>\n<p><\/p>\n<h3><b>\u00c9 legal usar uma ferramenta de par\u00e1frase para meu trabalho acad\u00eamico?<\/b><\/h3>\n<p><span style=\"font-weight: 400;\">Usar uma ferramenta de par\u00e1frase para trabalhos acad\u00eamicos n\u00e3o \u00e9 ilegal; voc\u00ea pode us\u00e1-la para diversos fins educacionais, como aprimorar seu estilo de escrita, aprender vocabul\u00e1rio avan\u00e7ado, etc. Essas ferramentas devem ser usadas para ajud\u00e1-lo a entender e reescrever ideias com suas pr\u00f3prias palavras. Sempre siga as diretrizes de integridade acad\u00eamica da sua institui\u00e7\u00e3o.<\/span><\/p>\n<h2><\/h2>\n<p><\/p>\n<h3><b>Qual \u00e9 a ferramenta de par\u00e1frase mais eficaz?<\/b><\/h3>\n<p><\/p>\n<h2><\/h2>\n<p><span style=\"font-weight: 400;\">Existem muitas ferramentas de par\u00e1frase, mas nossos modos avan\u00e7ados e algoritmos baseados em IA tornam nossa ferramenta de par\u00e1frase mais eficaz do que outras. Voc\u00ea deve sempre usar uma ferramenta de reescrita que tenha os mesmos algoritmos avan\u00e7ados de funcionamento que a nossa.<\/span><\/p>\n\t\t\t\t\t\t\t\t<\/div>\n\t\t\t\t\t<\/div>\n\t\t<\/div>\n\t\t\t\t\t<\/div>\n\t\t<\/section>\n\t\t\t\t<\/div>\n\t\t","protected":false},"excerpt":{"rendered":"<p>Reescrever texto As Palavras Falam, e nossa ferramenta parafrase online com tecnologia de IA ajuda voc\u00ea a reformular qualquer frase.Reda\u00e7\u00f5es e artigos com palavras perfeitas. Seus modos avan\u00e7ados aprimoraram seu vocabul\u00e1rio, tom e estilo de escrita. Reformule qualquer um dos seus trabalhos escritos sem limites usando nossa ferramenta parafrasear online. Como usar uma ferramenta reescrever texto online? Reformular suas frases com a nossa ferramenta parafraseando\u00e9 muito f\u00e1cil. Siga estes passos simples abaixo: Passo 1: Digite ou cole seu texto na caixa de texto. Passo 2: Selecione o modo de frase parafraseador de sua prefer\u00eancia. Passo 3: Clique no bot\u00e3o parafrasear textos. Passo 4: Copie o texto da sua par\u00e1frase e use-o em qualquer lugar. (Se n\u00e3o gostar do texto, voc\u00ea pode reformul\u00e1-lo clicando novamente no bot\u00e3o parafrasear texto.) Recursos da nossa ferramenta reescrever texto gr\u00e1tis Nossa ferramenta de par\u00e1frase tem alguns recursos exclusivos que a tornam \u00fanica e f\u00e1cil de usar. Alguns recursos s\u00e3o descritos abaixo: 100% Gr\u00e1tis Reescreva qualquer texto com palavras ou vocabul\u00e1rio perfeitos, sem nenhum custo. Nossa ferramenta online reescrever texto \u00e9 100% gratuita. Qualquer pessoa pode us\u00e1-la sem pagar nada. Todos os modos s\u00e3o gratuitos e voc\u00ea pode parafrasear textos sem comprar nenhuma assinatura. Interface de usu\u00e1rio f\u00e1cil Nossa ferramenta parafraseador possui uma interface muito simples e amig\u00e1vel, que qualquer pessoa pode usar, mesmo sem experi\u00eancia. Qualquer pessoa pode usar nossa ferramenta parafrase online sem se preocupar com nenhum conhecimento. Basta digitar seu texto e clicar no bot\u00e3o de parafrasear, e seu texto ser\u00e1 reformulado. Economize tempo Com recursos de resultados instant\u00e2neos, voc\u00ea pode reformular seu texto em segundos usando nossa ferramenta r\u00e1pida e \u00e1gil parafrasear online. Basta digitar seu texto, selecionar o modo, clicar no bot\u00e3o de parafrasear e seu texto aparecer\u00e1 imediatamente em um formato novo e exclusivo. Preciso e confi\u00e1vel Nossos algoritmos avan\u00e7ados baseados em IA tornam nossa ferramenta reescrever texto mais precisa e confi\u00e1vel do que outras ferramentas. Sua capacidade de reformula\u00e7\u00e3o \u00e9 mais precisa do que qualquer outra ferramenta. N\u00e3o requer cadastro O uso das ferramentas para frasear textos online n\u00e3o exige nenhum tipo de cadastro ou login. Nosso reescritor de ensaios n\u00e3o solicita nenhum tipo de cadastro; outras ferramentas apenas o abrem e o utilizam sem adicionar nenhuma informa\u00e7\u00e3o. 100% Seguro Um dos recursos exclusivos da nossa melhor ferramenta de par\u00e1frase \u00e9 que ela \u00e9 100% segura. Nossa ferramenta de reformula\u00e7\u00e3o online n\u00e3o exige nenhum tipo de informa\u00e7\u00e3o pessoal ou profissional para seu uso e n\u00e3o registra nenhum tipo de hist\u00f3rico profissional. Sem An\u00fancios Nosso parafraseador online \u00e9 totalmente livre de an\u00fancios, para que voc\u00ea possa trabalhar em um ambiente limpo e sem distra\u00e7\u00f5es. Pop-ups, banners e interrup\u00e7\u00f5es, uma experi\u00eancia fluida e focada do in\u00edcio ao fim. Multil\u00edngue Nossa ferramenta online reescrever texto \u00e9 totalmente multil\u00edngue, para que usu\u00e1rios de todo o mundo a utilizem em seu idioma preferido. Com o suporte do multil\u00edngue, pretendemos tornar nossa ferramenta reescrever texto mais acess\u00edvel e f\u00e1cil de usar para todos, n\u00e3o importa de onde voc\u00ea seja ou qual idioma voc\u00ea fale. Usu\u00e1rios da ferramenta de par\u00e1frase Nossa ferramenta de reformula\u00e7\u00e3o online tem muitos usu\u00e1rios pr\u00e1ticos. Alguns dos principais usu\u00e1rios est\u00e3o listados abaixo: Professores As ferramentas Reescreva texto ajudam os professores a aprimorar ou aprimorar seus materiais did\u00e1ticos para apoiar a aprendizagem dos alunos. Alguns professores usam nossa ferramenta parafraseador de textos para escrever seus trabalhos acad\u00eamicos de forma simples, a fim de compreender conceitos dif\u00edceis. Outros professores a usam para tornar seu estilo de escrita ou explica\u00e7\u00e3o mais exclusivo. Alunos A ferramenta reescrever texto ajuda o aluno a reescrever diferentes frases em uma linha simples e f\u00e1cil de aprender. Alguns alunos usam nossa ferramenta de par\u00e1frase para aprender novo vocabul\u00e1rio e aprimorar suas habilidades de escrita. Redatores Redatores s\u00e3o um dos usu\u00e1rios mais populares de ferramentas de par\u00e1frase online gratuitas. Muitos redatores usam nossa ferramenta avan\u00e7ada de par\u00e1frase baseada em IA para reda\u00e7\u00e3o. Alguns deles usam essa ferramenta de reescrita para conte\u00fado de m\u00eddia social, tornando seu trabalho mais atraente e exclusivo. Blogueiros Blogueiros est\u00e3o usando ferramentas de par\u00e1frase para acelerar a cria\u00e7\u00e3o de conte\u00fado e alguns as usam para atualizar seu conte\u00fado antigo. Geralmente, ele \u00e9 usado para escrever o conte\u00fado de uma forma simples e sem pl\u00e1gio, o que torna o conte\u00fado \u00fanico e f\u00e1cil de entender para todos. Perguntas frequentes O que \u00e9 par\u00e1frase? Parafrasear \u00e9 o ato de reescrever algo com suas pr\u00f3prias palavras, mantendo o significado original. Em vez de copiar exatamente as palavras de outra pessoa, voc\u00ea expressa a mesma ideia de forma diferente. \u00c9 frequentemente usado para tornar as informa\u00e7\u00f5es mais claras, simples ou mais adequadas ao seu estilo de escrita. Como o parafraseador melhora minhas habilidades de escrita? Nossa ferramenta reescrever texto pode ajudar a melhorar sua escrita. Usando uma ferramenta de par\u00e1frase online, voc\u00ea pode explicar a mesma ideia de diversas maneiras, expandindo seu vocabul\u00e1rio e simplificando suas frases. Ela tamb\u00e9m pode ajud\u00e1-lo a aprender a estruturar melhor as frases, o que fortalece seu estilo geral de escrita. Ferramentas de par\u00e1frase s\u00e3o consideradas pl\u00e1gio? N\u00e3o, usar uma ferramenta de par\u00e1frase de alta qualidade n\u00e3o constitui pl\u00e1gio inerentemente se o resultado for devidamente citado e o texto parafraseado for suficientemente distinto da fonte original. Mas us\u00e1-las para reescrever as ideias de outra pessoa sem dar os devidos cr\u00e9ditos ainda pode ser considerado pl\u00e1gio. \u00c9 legal usar uma ferramenta de par\u00e1frase para meu trabalho acad\u00eamico? Usar uma ferramenta de par\u00e1frase para trabalhos acad\u00eamicos n\u00e3o \u00e9 ilegal; voc\u00ea pode us\u00e1-la para diversos fins educacionais, como aprimorar seu estilo de escrita, aprender vocabul\u00e1rio avan\u00e7ado, etc. Essas ferramentas devem ser usadas para ajud\u00e1-lo a entender e reescrever ideias com suas pr\u00f3prias palavras. Sempre siga as diretrizes de integridade acad\u00eamica da sua institui\u00e7\u00e3o. Qual \u00e9 a ferramenta de par\u00e1frase mais eficaz? Existem muitas ferramentas de par\u00e1frase, mas nossos modos avan\u00e7ados e algoritmos baseados em IA tornam nossa ferramenta de par\u00e1frase mais eficaz do que outras. Voc\u00ea deve sempre usar uma ferramenta de reescrita que tenha os mesmos algoritmos avan\u00e7ados de funcionamento que a nossa.<\/p>\n","protected":false},"author":2,"featured_media":0,"parent":0,"menu_order":0,"comment_status":"closed","ping_status":"closed","template":"","meta":{"site-sidebar-layout":"no-sidebar","site-content-layout":"","ast-site-content-layout":"full-width-container","site-content-style":"default","site-sidebar-style":"default","ast-global-header-display":"","ast-banner-title-visibility":"","ast-main-header-display":"","ast-hfb-above-header-display":"","ast-hfb-below-header-display":"","ast-hfb-mobile-header-display":"","site-post-title":"disabled","ast-breadcrumbs-content":"","ast-featured-img":"disabled","footer-sml-layout":"","ast-disable-related-posts":"","theme-transparent-header-meta":"default","adv-header-id-meta":"","stick-header-meta":"","header-above-stick-meta":"","header-main-stick-meta":"","header-below-stick-meta":"","astra-migrate-meta-layouts":"default","ast-page-background-enabled":"default","ast-page-background-meta":{"desktop":{"background-color":"var(--ast-global-color-4)","background-image":"","background-repeat":"repeat","background-position":"center center","background-size":"auto","background-attachment":"scroll","background-type":"","background-media":"","overlay-type":"","overlay-color":"","overlay-opacity":"","overlay-gradient":""},"tablet":{"background-color":"","background-image":"","background-repeat":"repeat","background-position":"center center","background-size":"auto","background-attachment":"scroll","background-type":"","background-media":"","overlay-type":"","overlay-color":"","overlay-opacity":"","overlay-gradient":""},"mobile":{"background-color":"","background-image":"","background-repeat":"repeat","background-position":"center center","background-size":"auto","background-attachment":"scroll","background-type":"","background-media":"","overlay-type":"","overlay-color":"","overlay-opacity":"","overlay-gradient":""}},"ast-content-background-meta":{"desktop":{"background-color":"var(--ast-global-color-5)","background-image":"","background-repeat":"repeat","background-position":"center center","background-size":"auto","background-attachment":"scroll","background-type":"","background-media":"","overlay-type":"","overlay-color":"","overlay-opacity":"","overlay-gradient":""},"tablet":{"background-color":"var(--ast-global-color-5)","background-image":"","background-repeat":"repeat","background-position":"center center","background-size":"auto","background-attachment":"scroll","background-type":"","background-media":"","overlay-type":"","overlay-color":"","overlay-opacity":"","overlay-gradient":""},"mobile":{"background-color":"var(--ast-global-color-5)","background-image":"","background-repeat":"repeat","background-position":"center center","background-size":"auto","background-attachment":"scroll","background-type":"","background-media":"","overlay-type":"","overlay-color":"","overlay-opacity":"","overlay-gradient":""}},"footnotes":""},"class_list":["post-9647","page","type-page","status-publish","hentry"],"_links":{"self":[{"href":"https:\/\/invisible-character.org\/pt-br\/wp-json\/wp\/v2\/pages\/9647","targetHints":{"allow":["GET"]}}],"collection":[{"href":"https:\/\/invisible-character.org\/pt-br\/wp-json\/wp\/v2\/pages"}],"about":[{"href":"https:\/\/invisible-character.org\/pt-br\/wp-json\/wp\/v2\/types\/page"}],"author":[{"embeddable":true,"href":"https:\/\/invisible-character.org\/pt-br\/wp-json\/wp\/v2\/users\/2"}],"replies":[{"embeddable":true,"href":"https:\/\/invisible-character.org\/pt-br\/wp-json\/wp\/v2\/comments?post=9647"}],"version-history":[{"count":0,"href":"https:\/\/invisible-character.org\/pt-br\/wp-json\/wp\/v2\/pages\/9647\/revisions"}],"wp:attachment":[{"href":"https:\/\/invisible-character.org\/pt-br\/wp-json\/wp\/v2\/media?parent=9647"}],"curies":[{"name":"wp","href":"https:\/\/api.w.org\/{rel}","templated":true}]}}